{"id":426,"date":"2020-12-03T12:28:43","date_gmt":"2020-12-03T12:28:43","guid":{"rendered":"http:\/\/addigital.imacos.com\/dienstleistungen\/insolvenz\/"},"modified":"2021-05-16T16:12:57","modified_gmt":"2021-05-16T16:12:57","slug":"insolvenz","status":"publish","type":"page","link":"https:\/\/imacos.com\/de\/dienstleistungen\/insolvenz\/","title":{"rendered":"Insolvenzverfahren in Eigenverwaltung \/ unter Schutzschirm oder nach StaRUG"},"content":{"rendered":"<p><strong>Wir sanieren Unternehmen au\u00dferhalb einer Insolvenz und auch unter Insolvenzschutz.<\/strong><\/p>\n<p>Wir lieben es au\u00dferhalb einer Insolvenz zu sanieren, aber dazu ben\u00f6tigen Sie meist viel zus\u00e4tzliches Kapital. In der Branche Automotive k\u00f6nnen heute kaum noch erfolgreiche Sanierungen au\u00dferhalb eines Insolvenzverfahrens in Eigenverwaltung oder unter Schutzschirm\u00a0 realisiert werden, da Kunden und Lieferanten meist nicht bereit sind die Restrukturierung der Passivseite der Bilanz zu \u00fcbernehmen.<\/p>\n<p>Auch gro\u00dfe Beratungsh\u00e4user versuchen sich immer noch gerne auch bei Zulieferern an einer Sanierung au\u00dferhalb des Insolvenzschutzes. Die Realit\u00e4t spricht eindeutig gegen diesen meist sinnlose weitere Wertevernichtung.<\/p>\n<p><strong>Sprechen Sie mit uns.<\/strong> Wir kennen die Regeln im Automotive seit 30 Jahren. Auch zu den\u00a0 meisten der wichtigen Akteure im Risikomanagement und Einkauf der OEM und Tier1 haben wir direkten Zugang.<\/p>\n<p><strong>Prinzipiell ist es unser Ziel dem Unternehmer das Unternehmen zu erhalten. Auch in einem Insolvenzverfahrens in Eigenverwaltung oder unter Schutzschirm.<\/strong><\/p>\n<p>Eine Sanierung unter Insolvenzschutz bietet enorme Vorteile, um sich von hohen Verbindlichkeiten (die meist unm\u00f6glich zur\u00fcckbezahlt werden k\u00f6nnen), aber auch von unrentablen Kundenauftr\u00e4gen, \u00fcberh\u00f6hten Mietvertr\u00e4gen, nicht mehr ben\u00f6tigten Leasinggegenst\u00e4nden und anderen langfristigen und kurzfristigen Verbindlichkeiten zu befreien. Zudem bietet sich ein erheblicher Liquidit\u00e4tsvorteil durch die Nutzung des in der Regel 3 monatigen Insolvenzausfallgeldes.<\/p>\n<p>Fast alle gr\u00f6\u00dferen grundlegenden Sanierungen werden heute auf der Basis einer Eigenverwaltung oder unter einem Schutzschirmverfahren durchgef\u00fchrt. Das hat den Vorteil, da\u00df die kompetenten Managerinnen und Manager in der F\u00fchrung bleiben und nur ein &#8222;Sachwalter&#8220; beigestellt wird, der das Verfahren \u00fcberwacht. In der Regel ist die rechtzeitige Einbindung eines CRO (Chief Restructuring Officer) zwingend f\u00fcr den Erfolg einer Sanierung in Eigenverwaltung oder unter Schutzschirm.<\/p>\n<p>Wir beraten Sie, welche Verfahrensform (Eigenverwaltung, Schutzschirm etc.) f\u00fcr Ihr Unternehmen geeignet ist und welches Vorgehen zielf\u00fchrend erscheint.<\/p>\n<p><strong>Dazu f\u00fchren wir einen in der Regel 5-t\u00e4gigen Audit zu einem Festpreis durch.<\/strong> Dann k\u00f6nnen Sie entscheiden, welchen Weg Sie einschlagen wollen.<\/p>\n<p><strong>Ein Verfahren in Eigenverwaltung \/ unter Schutzschirm ist alles andere als ein Selbstl\u00e4ufer und erfordert eine sorgf\u00e4ltige Vorbereitung:<\/strong><\/p>\n<ul>\n<li>Erstellung eines Gutachtens, das den Insolvenzgrad feststellt und die Perspektiven f\u00fcr eine Fortf\u00fchrung klar aufzeigt.<\/li>\n<li>Ausarbeitung eines Finanzierungsplans f\u00fcr die n\u00e4chsten mind. 6 Monate, damit das Verfahren auch eine Chance auf Er\u00f6ffnung hat und nicht aus rechtlichen Gr\u00fcnden vom Gericht abgelehnt wird.<\/li>\n<li>Sorgf\u00e4ltige Abstimmung mit den Hauptgl\u00e4ubigern und Aufstellen eines vorl\u00e4ufigen Gl\u00e4ubigerausschusses. Die richtige Zusammensetzung ist wesentlich f\u00fcr den Erfolg des Verfahrens. Durch einstimmigen Beschlu\u00df des vorl\u00e4ufigen Gl\u00e4ubigerausschusses kann auch ein f\u00fcr das Gericht verbindlicher Vorschlag f\u00fcr den Sachwalter (in der Regel ein erfahrener Insolvenzverwalter aus der Branche &#8211; family and friends ist nicht m\u00f6glich) gemacht werden. Ein weiterer Erfolgsfaktor: denn nur wenn der Sachwalter in der Branche Erfahrung hat, wird es ein Erfolg.<\/li>\n<li>Es ist f\u00fcr den Erfolg des Verfahrens in der Regel zwingend, da\u00df f\u00fcr den Antrag der Eigenverwaltung und insbesondere auch f\u00fcr die Phase nach der Insolvenzantragstellung ein <strong><strong>CRO (Chief Restructuring Officer) der operativen Gesch\u00e4ftsf\u00fchrung zur Seite gestellt wird.<\/strong><\/strong>&nbsp;<\/li>\n<li><strong>Herr Dr. Truckenm\u00fcller ist &#8222;gepr\u00fcfter ESUG-Berater&#8220; und von den Beteiligten als CRO anerkannt.<\/strong> Nat\u00fcrlich basiert die Reputation von Herrn Dr. Truckenm\u00fcller in erster Linie auf den zahlreichen erfolgreich durchgef\u00fchrten Sanierungen und der Erfahrung aus 30 Jahren Automotive.Truckenm\u00fcller und Company GmbH arbeitet in Sanierungs- und Eigenverwaltungsverfahren mit <strong>Buchalik Br\u00f6mmekamp Rechstanw\u00e4lte<\/strong> und dem Beratungsast Plenovia dieser Kanzlei eng zusammen, die als <strong>Marktf\u00fchrer bereits mehr als 200 Verfahren in Eigenverwaltung<\/strong> erfolgreich gestalten konnten.\n<p>Insgesamt kann die Gruppe auf deutlich mehr als 100 Experten, Anw\u00e4lte und Manager zur\u00fcckgreifen. Selbstverst\u00e4ndlich binden wir auch Experten f\u00fcr Innovation (von Grantiro &#8211; dem &#8222;anerkannten Innovationspabst&#8220; in der Szene)\u00a0 f\u00fcr eine echte Transformation und auch Digitalisierungsexperten von Prof. Scheer ein &#8211; sicher auch einer der Markf\u00fchrer in seinem Segment.<\/p>\n<p>Ein besonderes Asset unserer Gruppe ist auch die <strong>Einbindung unabh\u00e4ngiger Finanzgeber<\/strong> (mit fast unbegrenztem Kapital) und auch der <strong>Einsatz von Unternehmerkapital<\/strong> durch die beteiligten Partner der Restrukturierungsgruppe. Damit unterscheiden wir uns grundlegend von anderen gro\u00dfen Restrukturierungsberatern<\/p>\n<p><strong>Vertrauen Sie auf die Kompetenz und Erfahrung des in Deutschland wohl markf\u00fchrenden Partners f\u00fcr Restrukturierung, speziell auch im Verfahren der Eigenverwaltung.<\/strong><\/p>\n<p>Rufen Sie uns an, wir sind in der Regel morgen bei Ihnen vor Ort: <strong>+49 172 62 35 953 &#8211; <\/strong>gerne sind wir f\u00fcr Sie 24\/7 erreichbar und k\u00f6nnen sehr kurzfristig t\u00e4tig werden.<\/li>\n<\/ul>\n","protected":false},"excerpt":{"rendered":"<p>Wir sanieren Unternehmen au\u00dferhalb einer Insolvenz und auch unter Insolvenzschutz. Wir lieben es au\u00dferhalb einer Insolvenz zu sanieren, aber dazu ben\u00f6tigen Sie meist viel zus\u00e4tzliches Kapital. In der Branche Automotive k\u00f6nnen heute kaum noch erfolgreiche Sanierungen au\u00dferhalb eines Insolvenzverfahrens in Eigenverwaltung oder unter Schutzschirm\u00a0 realisiert werden, da Kunden und Lieferanten meist nicht bereit sind die [&hellip;]<\/p>\n","protected":false},"author":1,"featured_media":0,"parent":388,"menu_order":0,"comment_status":"closed","ping_status":"closed","template":"","meta":[],"_links":{"self":[{"href":"https:\/\/imacos.com\/de\/wp-json\/wp\/v2\/pages\/426"}],"collection":[{"href":"https:\/\/imacos.com\/de\/wp-json\/wp\/v2\/pages"}],"about":[{"href":"https:\/\/imacos.com\/de\/wp-json\/wp\/v2\/types\/page"}],"author":[{"embeddable":true,"href":"https:\/\/imacos.com\/de\/wp-json\/wp\/v2\/users\/1"}],"replies":[{"embeddable":true,"href":"https:\/\/imacos.com\/de\/wp-json\/wp\/v2\/comments?post=426"}],"version-history":[{"count":9,"href":"https:\/\/imacos.com\/de\/wp-json\/wp\/v2\/pages\/426\/revisions"}],"predecessor-version":[{"id":666,"href":"https:\/\/imacos.com\/de\/wp-json\/wp\/v2\/pages\/426\/revisions\/666"}],"up":[{"embeddable":true,"href":"https:\/\/imacos.com\/de\/wp-json\/wp\/v2\/pages\/388"}],"wp:attachment":[{"href":"https:\/\/imacos.com\/de\/wp-json\/wp\/v2\/media?parent=426"}],"curies":[{"name":"wp","href":"https:\/\/api.w.org\/{rel}","templated":true}]}}