{"id":420,"date":"2020-11-03T09:18:05","date_gmt":"2020-11-03T09:18:05","guid":{"rendered":"http:\/\/addigital.imacos.com\/imprint\/"},"modified":"2022-01-11T11:13:57","modified_gmt":"2022-01-11T11:13:57","slug":"imprint","status":"publish","type":"page","link":"https:\/\/imacos.com\/de\/imprint\/","title":{"rendered":"Impressum"},"content":{"rendered":"<p>IMACOS Truckenm\u00fcller &amp; Company GmbH<\/p>\n<p>R\u00f6testrasse 11<\/p>\n<p>70197 Stuttgart<\/p>\n<p>Tel.: +49 172 62 35 953, auch \u00fcber WhatsApp, Facetime, Viber oder SMS erreichbar.<\/p>\n<p>E-Mail: till.truckenmueller@imacos.com<\/p>\n<p>www.imacos.com<\/p>\n<p>Alleinvertretungsberechtigter Gesch\u00e4ftsf\u00fchrer: Dr. Till Truckenm\u00fcller<\/p>\n<p>Handelsregister Amtsgericht Stuttgart, Register Nr.:HRB 23306<\/p>\n<p>Steuer-Nr.: 99039\/02927<\/p>\n","protected":false},"excerpt":{"rendered":"<p>IMACOS Truckenm\u00fcller &amp; Company GmbH R\u00f6testrasse 11 70197 Stuttgart Tel.: +49 172 62 35 953, auch \u00fcber WhatsApp, Facetime, Viber oder SMS erreichbar. E-Mail: till.truckenmueller@imacos.com www.imacos.com Alleinvertretungsberechtigter Gesch\u00e4ftsf\u00fchrer: Dr. Till Truckenm\u00fcller Handelsregister Amtsgericht Stuttgart, Register Nr.:HRB 23306 Steuer-Nr.: 99039\/02927<\/p>\n","protected":false},"author":1,"featured_media":0,"parent":0,"menu_order":0,"comment_status":"closed","ping_status":"closed","template":"","meta":[],"_links":{"self":[{"href":"https:\/\/imacos.com\/de\/wp-json\/wp\/v2\/pages\/420"}],"collection":[{"href":"https:\/\/imacos.com\/de\/wp-json\/wp\/v2\/pages"}],"about":[{"href":"https:\/\/imacos.com\/de\/wp-json\/wp\/v2\/types\/page"}],"author":[{"embeddable":true,"href":"https:\/\/imacos.com\/de\/wp-json\/wp\/v2\/users\/1"}],"replies":[{"embeddable":true,"href":"https:\/\/imacos.com\/de\/wp-json\/wp\/v2\/comments?post=420"}],"version-history":[{"count":5,"href":"https:\/\/imacos.com\/de\/wp-json\/wp\/v2\/pages\/420\/revisions"}],"predecessor-version":[{"id":716,"href":"https:\/\/imacos.com\/de\/wp-json\/wp\/v2\/pages\/420\/revisions\/716"}],"wp:attachment":[{"href":"https:\/\/imacos.com\/de\/wp-json\/wp\/v2\/media?parent=420"}],"curies":[{"name":"wp","href":"https:\/\/api.w.org\/{rel}","templated":true}]}}