{"id":412,"date":"2020-11-03T09:09:56","date_gmt":"2020-11-03T09:09:56","guid":{"rendered":"http:\/\/addigital.imacos.com\/dienstleistungen\/automotive-cluster-bulgaria\/"},"modified":"2021-05-16T15:16:27","modified_gmt":"2021-05-16T15:16:27","slug":"automotive-cluster-bulgaria","status":"publish","type":"page","link":"https:\/\/imacos.com\/de\/dienstleistungen\/automotive-cluster-bulgaria\/","title":{"rendered":"Automotive Cluster Bulgaria"},"content":{"rendered":"<h2 class=\"mainpp\">The future drives behind.<\/h2>\n<h3 class=\"mainp\">Mitglieder<\/h3>\n<p class=\"grayp\">Das Automotive Cluster Bulgaria (ACB) hat derzeit mehr als 40 Mitglieder, die in Bulgarien mehr als 20.000 und weltweit mehr als 500.000 Mitarbeiter besch\u00e4ftigen. Siehe <a title=\"www.automotive.bg\" href=\"http:\/\/www.automotive.bg\/\" target=\"_blank\" rel=\"noopener\">www.automotive.bg<\/a><\/p>\n<h3 class=\"mainp\">Ziele:<\/h3>\n<ul>\n<li class=\"grayp\">Aufbau einer eigenen Automobilindustrie in Bulgarien.<\/li>\n<li class=\"grayp\">Unterst\u00fctzung von in- und ausl\u00e4ndischen Unternehmen der Branche Automotive beim Auf- und Ausbau von Einheiten in Fertigung, Montage, Entwicklung und Vertrieb.<\/li>\n<li class=\"grayp\">Vertretung der Mitglieder gegen\u00fcber Administration und Politik sowie Unterst\u00fctzung bei der Beantragung von F\u00f6rdermitteln.<\/li>\n<li class=\"grayp\">Durchf\u00fchren von Projekten z.B. in den Bereichen: Transfer von Innovationen, Qualit\u00e4t, Personalwesen, Ma\u00dfnahmen zur Verbesserung der Wettbewerbsf\u00e4higkeit.<\/li>\n<li class=\"grayp\">Darstellung der Vorteile Bulgariens und des ACB \u00b4s auf Messen und Konferenzen im In- und Ausland.<\/li>\n<li class=\"grayp\">F\u00f6rderung eines ethischen Marktverhaltens, speziell auch Einhaltung der EU-Leitlinien zu Compliance and Corporate Governance.<\/li>\n<\/ul>\n<h3 class=\"mainp\">Projektbeispiele, die wir ma\u00dfgeblich durch Truckenm\u00fcller und Company gestaltet und erfolgreich umgesetzt haben:<\/h3>\n<ul>\n<li class=\"grayp\">Durchf\u00fchrung der ersten\u00a0<a href=\"http:\/\/iacb2013.automotive.bg\/\" target=\"_blank\" rel=\"noopener\">International Automotive Conference Bulgaria<\/a>\u00a0am 8. bis 10.10.2013 in Sofia mit ca. 300 Top-Entscheidern aus der europ\u00e4ischen Automotive-Industrie<\/li>\n<li class=\"grayp\">Durchf\u00fchrung von Best Practice Projekten in den Bereichen Qualit\u00e4t, Logistik, Human Resources<\/li>\n<li class=\"grayp\">Automotive Test Center \u2013 Projekt zum Aufbau eines Innovationszentrums sowie eines Training und Event Centers rund um das Automobil<\/li>\n<li>Durchf\u00fchrung internationaler HR-Konferenzen sowie von Best Practic Gruppen.<\/li>\n<li class=\"grayp\">Kontaktdatenbank Politik und Administration<\/li>\n<\/ul>\n<p>Herr Dr. Truckenm\u00fcller ist Gr\u00fcndungsmitglied und Honoray President des Automotive Cluster Bulgaria.<\/p>\n","protected":false},"excerpt":{"rendered":"<p>The future drives behind. Mitglieder Das Automotive Cluster Bulgaria (ACB) hat derzeit mehr als 40 Mitglieder, die in Bulgarien mehr als 20.000 und weltweit mehr als 500.000 Mitarbeiter besch\u00e4ftigen. Siehe www.automotive.bg Ziele: Aufbau einer eigenen Automobilindustrie in Bulgarien. Unterst\u00fctzung von in- und ausl\u00e4ndischen Unternehmen der Branche Automotive beim Auf- und Ausbau von Einheiten in Fertigung, [&hellip;]<\/p>\n","protected":false},"author":1,"featured_media":0,"parent":388,"menu_order":0,"comment_status":"closed","ping_status":"closed","template":"","meta":[],"_links":{"self":[{"href":"https:\/\/imacos.com\/de\/wp-json\/wp\/v2\/pages\/412"}],"collection":[{"href":"https:\/\/imacos.com\/de\/wp-json\/wp\/v2\/pages"}],"about":[{"href":"https:\/\/imacos.com\/de\/wp-json\/wp\/v2\/types\/page"}],"author":[{"embeddable":true,"href":"https:\/\/imacos.com\/de\/wp-json\/wp\/v2\/users\/1"}],"replies":[{"embeddable":true,"href":"https:\/\/imacos.com\/de\/wp-json\/wp\/v2\/comments?post=412"}],"version-history":[{"count":5,"href":"https:\/\/imacos.com\/de\/wp-json\/wp\/v2\/pages\/412\/revisions"}],"predecessor-version":[{"id":655,"href":"https:\/\/imacos.com\/de\/wp-json\/wp\/v2\/pages\/412\/revisions\/655"}],"up":[{"embeddable":true,"href":"https:\/\/imacos.com\/de\/wp-json\/wp\/v2\/pages\/388"}],"wp:attachment":[{"href":"https:\/\/imacos.com\/de\/wp-json\/wp\/v2\/media?parent=412"}],"curies":[{"name":"wp","href":"https:\/\/api.w.org\/{rel}","templated":true}]}}