{"id":410,"date":"2020-11-03T09:09:29","date_gmt":"2020-11-03T09:09:29","guid":{"rendered":"http:\/\/addigital.imacos.com\/dienstleistungen\/shared-services\/"},"modified":"2021-05-16T16:20:03","modified_gmt":"2021-05-16T16:20:03","slug":"shared-services","status":"publish","type":"page","link":"https:\/\/imacos.com\/de\/dienstleistungen\/shared-services\/","title":{"rendered":"Shared Services aus Bulgarien"},"content":{"rendered":"<h2 class=\"mainpp\">Leistungen f\u00fcr internationale Unternehmen aus Bulgarien: Alles aus einer Hand.<\/h2>\n<p class=\"grayp\">Wir arbeiten in fester Kooperation mit renommierten internationalen und bulgarischen Partnern zusammen.<\/p>\n<p class=\"grayp\">Zu unseren St\u00e4rken geh\u00f6rt auch das bestehende breite Netzwerk in Industrie und Politik in Bulgarien. Wir bieten Unterst\u00fctzung auf folgende Gebieten:<\/p>\n<ul>\n<li class=\"grayp\">Buchhaltung, Lohnabrechnung, Controlling, Steuerberatung, Rechtsberatung<\/li>\n<li class=\"grayp\">Personalsuche und Auswahl, Personalleitung, Training\/Schulung, Personalan-\/-abmeldung<\/li>\n<li class=\"grayp\">Logistikkoordination und \u2013abwicklung<\/li>\n<li class=\"grayp\">Verwaltung wie z.B. Pforte, Telefon, Sekretariat<\/li>\n<li class=\"grayp\">Kantine, Reinigung, Security<\/li>\n<li class=\"grayp\">Bau\u00fcberwachung<\/li>\n<li class=\"grayp\">Abwicklung von Vorgaben der Beh\u00f6rden inkl. Beh\u00f6rdeng\u00e4nge<\/li>\n<li class=\"grayp\">IT-Service<\/li>\n<li class=\"grayp\">Marketingfunktionen und Web-Design<\/li>\n<li class=\"grayp\">Sie k\u00f6nnen auch f\u00fcr gr\u00f6\u00dfere Gesch\u00e4ftseinheiten alle administrativen Funktionen aus einer Hand erhalten.<\/li>\n<\/ul>\n<p class=\"grayp\">Wir stellen auch den Projektleiter f\u00fcr den Aufbau Ihrer Gesch\u00e4ftseinheit in Bulgarien und falls erforderlich ganze Teams.<\/p>\n","protected":false},"excerpt":{"rendered":"<p>Leistungen f\u00fcr internationale Unternehmen aus Bulgarien: Alles aus einer Hand. Wir arbeiten in fester Kooperation mit renommierten internationalen und bulgarischen Partnern zusammen. Zu unseren St\u00e4rken geh\u00f6rt auch das bestehende breite Netzwerk in Industrie und Politik in Bulgarien. Wir bieten Unterst\u00fctzung auf folgende Gebieten: Buchhaltung, Lohnabrechnung, Controlling, Steuerberatung, Rechtsberatung Personalsuche und Auswahl, Personalleitung, Training\/Schulung, Personalan-\/-abmeldung Logistikkoordination [&hellip;]<\/p>\n","protected":false},"author":1,"featured_media":0,"parent":388,"menu_order":0,"comment_status":"closed","ping_status":"closed","template":"","meta":[],"_links":{"self":[{"href":"https:\/\/imacos.com\/de\/wp-json\/wp\/v2\/pages\/410"}],"collection":[{"href":"https:\/\/imacos.com\/de\/wp-json\/wp\/v2\/pages"}],"about":[{"href":"https:\/\/imacos.com\/de\/wp-json\/wp\/v2\/types\/page"}],"author":[{"embeddable":true,"href":"https:\/\/imacos.com\/de\/wp-json\/wp\/v2\/users\/1"}],"replies":[{"embeddable":true,"href":"https:\/\/imacos.com\/de\/wp-json\/wp\/v2\/comments?post=410"}],"version-history":[{"count":2,"href":"https:\/\/imacos.com\/de\/wp-json\/wp\/v2\/pages\/410\/revisions"}],"predecessor-version":[{"id":671,"href":"https:\/\/imacos.com\/de\/wp-json\/wp\/v2\/pages\/410\/revisions\/671"}],"up":[{"embeddable":true,"href":"https:\/\/imacos.com\/de\/wp-json\/wp\/v2\/pages\/388"}],"wp:attachment":[{"href":"https:\/\/imacos.com\/de\/wp-json\/wp\/v2\/media?parent=410"}],"curies":[{"name":"wp","href":"https:\/\/api.w.org\/{rel}","templated":true}]}}