{"id":406,"date":"2020-11-03T09:09:09","date_gmt":"2020-11-03T09:09:09","guid":{"rendered":"http:\/\/addigital.imacos.com\/dienstleistungen\/aufbau-von-geschaeftseinheiten-in-osteuropa\/"},"modified":"2021-05-16T15:12:19","modified_gmt":"2021-05-16T15:12:19","slug":"aufbau-von-geschaeftseinheiten-in-osteuropa","status":"publish","type":"page","link":"https:\/\/imacos.com\/de\/dienstleistungen\/aufbau-von-geschaeftseinheiten-in-osteuropa\/","title":{"rendered":"Aufbau von Gesch\u00e4ftseinheiten in Osteuropa"},"content":{"rendered":"<h2 class=\"mainpp\">Wir haben Erfahrung seit mehr als 20 Jahren in fast allen L\u00e4ndern Osteuropas.<\/h2>\n<p class=\"grayp\">Wir bieten L\u00e4nderbewertungen, Standortauswahl, Budgetierung der neuen Gesch\u00e4ftseinheit, \u00dcberwachung von Bauarbeiten und Inbetriebnahme der Maschinen etc.<\/p>\n<p class=\"grayp\">Albanien, Bulgarien, Estland, Kosovo, Kroatien, Lettland, Litauen, Nord-Mazedonien, Moldavien, Polen, Rum\u00e4nien, Serbien, Slowenien, Slowakei, Tschechien, Ukraine, Ungarn, Weissrussland. Ihr ausgew\u00e4hltes Land ist nicht dabei? Fragen Sie uns. Auch f\u00fcr Russland pr\u00fcfen wir gerne, ob und wie wir Sie unterst\u00fctzen k\u00f6nnen.<\/p>\n<p class=\"grayp\">Unser Leistungsspektrum umfasst den Aufbau von Standorten f\u00fcr Produktion, Entwicklung, Vertrieb und Verwaltung sowie bei der Bewertung von Lieferanten in Osteuropa.<\/p>\n<p class=\"grayp\">Das breite IMACOS-Netzwerk in diversen Industrien und lokalen Beh\u00f6rden hilft Ihnen sowohl diese M\u00e4rkte genauer kennenzulernen als auch sie erfolgreich zu betreten.<\/p>\n<p><strong>Der gr\u00f6sste Fehler vieler Investoren:<\/strong> Sie gehen das Projekt im Osten so an, wie sie es im Westen gelernt haben. Das Problem: Fast nichts geht so wie im Westen. Von unklaren Eigentumsverh\u00e4ltnissen, \u00fcber komplexe Oligarchenstrukturen, kaum transparente Rechtssprechung, Vetternwirtschaft u.v.m.<\/p>\n<p class=\"grayp\">Wir stellen den Projektleiter f\u00fcr Ihr Engagement und die f\u00fcr den Auf- oder Ausbau erforderlichen Interim Manager (auch Gesch\u00e4ftsf\u00fchrung)\u00a0und Experten.<\/p>\n<p class=\"grayp\">Wir k\u00fcmmern uns um die Suche und Auswahl von F\u00fchrungskr\u00e4ften und Mitarbeitern in allen Funktionsbereichen &#8211; wir konnten schon Werke mit rund 2.000 Mitarbeitern komplett besetzen.<\/p>\n<p class=\"grayp\">Unsere Professionals mit Sitz in Sofia sprechen flie\u00dfend Deutsch und Englisch, viele auch Russisch. In Polen, Tschechien und Rum\u00e4nien haben wir feste Kooperationspartner. Serbien und Nord-Mazedonien k\u00f6nnen wir mit unseren bulgarischen Professionals bestens bearbeiten und in Albanien kommt man wie in Rum\u00e4nien auch gut mit Italienisch durch.<\/p>\n<p class=\"grayp\">Durch unsere enge Einbindung in die west- und osteurop\u00e4ischen Technologiecluster, speziell alle Automotiveverb\u00e4nde und -cluster,\u00a0haben\u00a0wir Netzwerke in allen L\u00e4ndern sowie Zugang zu Entscheidern aus Industrie und Politik.<\/p>\n<p class=\"grayp\">Durch die Einbindung in den Kreis der diplomatischen Corps, Herr Dr. Truckenm\u00fcller ist als Honorarkonsul f\u00fcr Bulgarien in Baden-W\u00fcrttemberg t\u00e4tig, erhalten wir kurzfristigen und direkten Zugang zu den politischen Entscheidern in allen L\u00e4ndern.<\/p>\n<p class=\"grayp\">Wir erarbeiten f\u00fcr Sie auch Antr\u00e4ge zur Investitionsf\u00f6rderung, organisieren Bauma\u00dfnahmen oder wickeln die erforderlichen Beh\u00f6rdeng\u00e4nge ab.<\/p>\n","protected":false},"excerpt":{"rendered":"<p>Wir haben Erfahrung seit mehr als 20 Jahren in fast allen L\u00e4ndern Osteuropas. Wir bieten L\u00e4nderbewertungen, Standortauswahl, Budgetierung der neuen Gesch\u00e4ftseinheit, \u00dcberwachung von Bauarbeiten und Inbetriebnahme der Maschinen etc. Albanien, Bulgarien, Estland, Kosovo, Kroatien, Lettland, Litauen, Nord-Mazedonien, Moldavien, Polen, Rum\u00e4nien, Serbien, Slowenien, Slowakei, Tschechien, Ukraine, Ungarn, Weissrussland. Ihr ausgew\u00e4hltes Land ist nicht dabei? Fragen Sie [&hellip;]<\/p>\n","protected":false},"author":1,"featured_media":0,"parent":388,"menu_order":0,"comment_status":"closed","ping_status":"closed","template":"","meta":[],"_links":{"self":[{"href":"https:\/\/imacos.com\/de\/wp-json\/wp\/v2\/pages\/406"}],"collection":[{"href":"https:\/\/imacos.com\/de\/wp-json\/wp\/v2\/pages"}],"about":[{"href":"https:\/\/imacos.com\/de\/wp-json\/wp\/v2\/types\/page"}],"author":[{"embeddable":true,"href":"https:\/\/imacos.com\/de\/wp-json\/wp\/v2\/users\/1"}],"replies":[{"embeddable":true,"href":"https:\/\/imacos.com\/de\/wp-json\/wp\/v2\/comments?post=406"}],"version-history":[{"count":3,"href":"https:\/\/imacos.com\/de\/wp-json\/wp\/v2\/pages\/406\/revisions"}],"predecessor-version":[{"id":654,"href":"https:\/\/imacos.com\/de\/wp-json\/wp\/v2\/pages\/406\/revisions\/654"}],"up":[{"embeddable":true,"href":"https:\/\/imacos.com\/de\/wp-json\/wp\/v2\/pages\/388"}],"wp:attachment":[{"href":"https:\/\/imacos.com\/de\/wp-json\/wp\/v2\/media?parent=406"}],"curies":[{"name":"wp","href":"https:\/\/api.w.org\/{rel}","templated":true}]}}