{"id":404,"date":"2020-11-03T09:02:53","date_gmt":"2020-11-03T09:02:53","guid":{"rendered":"http:\/\/addigital.imacos.com\/dienstleistungen\/kostensenkung\/"},"modified":"2021-05-16T16:18:10","modified_gmt":"2021-05-16T16:18:10","slug":"kostensenkung","status":"publish","type":"page","link":"https:\/\/imacos.com\/de\/dienstleistungen\/kostensenkung\/","title":{"rendered":"Kostensenkung"},"content":{"rendered":"<h2 class=\"mainpp\">Nicht zaudern \u2013 Handeln.<\/h2>\n<p class=\"grayp\">Im Rahmen integrierter Projektteams f\u00fchren wir zusammen mit Ihrer Mannschaft Prozessoptimierungen, Effizienzsteigerungen und Kostensenkungen durch.<\/p>\n<p class=\"grayp\">Wir pr\u00fcfen, welche kurzfristige Anpassung der Personalst\u00e4rke sinnvoll und m\u00f6glich ist, f\u00fchren Verhandlungen mit dem Betriebsrat und setzen die Ma\u00dfnehmen direkt um. In einigen F\u00e4llen haben sich unsere Aufwendungen bereits bilanzwirksam w\u00e4hrend der Projektlaufzeit gerechnet. Wenn wir keine Chance sehen, dass sich unsere Aufwendungen in Jahresfrist rechnen, dann \u00fcbernehmen wir die Aufgabe nicht.<\/p>\n<p class=\"grayp\">Die Optimierung der Entscheidungswege und der Aufbauorganisation hat wesentlichen Einfluss auf die Kosten und Effizienz der Prozesse.<\/p>\n<p class=\"grayp\">Wir bewerten bestehende Standorte: Leistungsportfolio, Kostenposition, Prozesse und leiten die entsprechenden Optimierungsma\u00dfnahmen direkt ein.<\/p>\n<p class=\"grayp\">Ein wichtiger Beitrag zur Verbesserung der Wettbewerbsf\u00e4higkeit ist der Aufbau neuer Standorte mit kosteng\u00fcnstigen Strukturen. Dabei beobachten wir, dass in den letzten Jahren nicht nur Produktions- der Montageleistungen mit hohem manuellen T\u00e4tigkeitsanteil verlagert werden, sondern der Trend geht eindeutig dahin, dass auch hochqualifizierte Entwicklungsabteilungen an kosteng\u00fcnstigen Standorten aufgebaut werden. In einem ersten Schritt oft die Entwicklungsanteile, deren Produktion schon im Ausland stattfindet. In einem zweiten Schritt aber oft auch weitere Entwicklungsleistungen. Auch viele Shared Service Leistungen werden heute unter Eigenregie an kosteng\u00fcnstigen Standorten erbracht.<\/p>\n<p class=\"grayp\">Wir f\u00fchren L\u00e4nderbewertungen und Standortanalysen durch. Wir sind Ihr Spezialist f\u00fcr Osteuropa &#8211; seit mehr als 20 Jahren<\/p>\n<p class=\"grayp\">Unsere Interim Manager, Projektleiter und Professionals unterst\u00fctzen Sie auch ganzheitlich beim Aufbau neuer Standorte bis zur laufenden Produktion.<\/p>\n<p class=\"grayp\">IMACOS unterst\u00fctzt Sie ganzheitlich in allen Funktionsbereichen:<\/p>\n<h3 class=\"mainp\">Fertigung \/ Montage:<\/h3>\n<p class=\"grayp\">Steigerung des Outputs und der Qualit\u00e4t, Ressourcenoptimierung, Verk\u00fcrzung der Durchlaufzeiten, Neuausrichtung der Wertsch\u00f6pfungskette<\/p>\n<h3 class=\"mainp\">Entwicklung:<\/h3>\n<p class=\"grayp\">Verk\u00fcrzung Durchlaufzeiten, Ressourcenoptimierung, Design to Cost, Bauteiloptimierung, Standardisierung und Aufbau von Baukastenstrukturen<\/p>\n<h3 class=\"mainp\">Verwaltung:<\/h3>\n<p class=\"grayp\">Effizienzsteigerung durch Optimierung der F\u00fchrungsstrukturen, alle Leistungen auf den Pr\u00fcfstand stellen, d.h. auch pr\u00fcfen, ob Shared Services in Eigenregie bei einer Tochtergesellschaft aufgebaut oder besserer fremd bezogen werden k\u00f6nnen. Warum m\u00fcssen Sie Funktionen wie z.B. Lohnabrechnungen, Rechnungserstellung, Erstellung von Standardangeboten, Controllingleistungen an Ihrem Hauptsitz in Deutschland erbringen? Das k\u00f6nnen Sie auch bei einer Tochtergesellschaft in Polen oder Bulgarien durchf\u00fchren lassen \u2013 in Eigenregie \u2013 das ist preisg\u00fcnstig und Sie verlieren nicht die Kontrolle \u00fcber den Prozess.<\/p>\n<h3 class=\"mainp\">Einkauf:<\/h3>\n<p class=\"grayp\">Lieferantenauswahl, Beschaffungsstrategien, Warengruppenmanagement, Opti-mierung Supply Chain, Zahlungsziele verbessern, Bestandsoptimierung und Lagerhaltungsstrategie<\/p>\n<h3 class=\"mainp\">Vertrieb:<\/h3>\n<p class=\"grayp\">Margenverbesserung, Delisting von Verlustbringern, Kundensegmentierung, Prozessoptimierung Akquisition und Kundenbetreuung inkl. Abstimmung zwischen Vertrieb\/Entwicklung\/Produktion, Vertriebsplanung, Controlling und CRM Optimierung, Mitarbeiterschulung, Bewertung der Vertriebsmitarbeiter, Anlauf- und Projektmanagement, Claim Management<\/p>\n","protected":false},"excerpt":{"rendered":"<p>Nicht zaudern \u2013 Handeln. Im Rahmen integrierter Projektteams f\u00fchren wir zusammen mit Ihrer Mannschaft Prozessoptimierungen, Effizienzsteigerungen und Kostensenkungen durch. Wir pr\u00fcfen, welche kurzfristige Anpassung der Personalst\u00e4rke sinnvoll und m\u00f6glich ist, f\u00fchren Verhandlungen mit dem Betriebsrat und setzen die Ma\u00dfnehmen direkt um. In einigen F\u00e4llen haben sich unsere Aufwendungen bereits bilanzwirksam w\u00e4hrend der Projektlaufzeit gerechnet. Wenn [&hellip;]<\/p>\n","protected":false},"author":1,"featured_media":0,"parent":388,"menu_order":0,"comment_status":"closed","ping_status":"closed","template":"","meta":[],"_links":{"self":[{"href":"https:\/\/imacos.com\/de\/wp-json\/wp\/v2\/pages\/404"}],"collection":[{"href":"https:\/\/imacos.com\/de\/wp-json\/wp\/v2\/pages"}],"about":[{"href":"https:\/\/imacos.com\/de\/wp-json\/wp\/v2\/types\/page"}],"author":[{"embeddable":true,"href":"https:\/\/imacos.com\/de\/wp-json\/wp\/v2\/users\/1"}],"replies":[{"embeddable":true,"href":"https:\/\/imacos.com\/de\/wp-json\/wp\/v2\/comments?post=404"}],"version-history":[{"count":1,"href":"https:\/\/imacos.com\/de\/wp-json\/wp\/v2\/pages\/404\/revisions"}],"predecessor-version":[{"id":669,"href":"https:\/\/imacos.com\/de\/wp-json\/wp\/v2\/pages\/404\/revisions\/669"}],"up":[{"embeddable":true,"href":"https:\/\/imacos.com\/de\/wp-json\/wp\/v2\/pages\/388"}],"wp:attachment":[{"href":"https:\/\/imacos.com\/de\/wp-json\/wp\/v2\/media?parent=404"}],"curies":[{"name":"wp","href":"https:\/\/api.w.org\/{rel}","templated":true}]}}