{"id":402,"date":"2020-11-03T09:02:39","date_gmt":"2020-11-03T09:02:39","guid":{"rendered":"http:\/\/addigital.imacos.com\/dienstleistungen\/umsatzsteigerung\/"},"modified":"2021-05-16T16:32:39","modified_gmt":"2021-05-16T16:32:39","slug":"umsatzsteigerung","status":"publish","type":"page","link":"https:\/\/imacos.com\/de\/dienstleistungen\/umsatzsteigerung\/","title":{"rendered":"Umsatzsteigerung"},"content":{"rendered":"<h2 class=\"mainpp\">Testen Sie die Wirkung unseres Feuerwerks. Wir haben schon Auftr\u00e4ge akquiriert, die vom Kunden bereits abgesagt wurden.<\/h2>\n<p class=\"grayp\">Wir erreichen die ertragreiche Steigerung des Gesch\u00e4fts durch unsere erfahrenen Vertriebsprofis, weltweit. Gerne arbeiten wir auf der Basis erfolgsorientierter Honorarmodelle.<\/p>\n<h3 class=\"mainp\">Erfolgsfaktoren<\/h3>\n<p class=\"grayp\">Wir haben keine Vertriebsprofis, die besser als Ihre Besten sind, aber auch nicht schlechter. Aber es gibt Erfolgsfaktoren, die k\u00f6nnen Sie als interner Vertrieb nicht oder nur schwer erf\u00fcllen.<\/p>\n<p class=\"grayp\">Wir f\u00fchren mit dem Kunden in einem ersten Schritt auf Top Ebene strategische Gespr\u00e4che \u00fcber Marktpotenziale und Anforderungen. Das k\u00f6nnen Sie auch.<\/p>\n<p class=\"grayp\">Aber wir erfahren als neutraler Partner deutlich mehr, denn wir werden nicht als \u201eAngreifer\u201c wahrgenommen, k\u00f6nnen so Vertrauen aufbauen, k\u00f6nnen Zukunftsprojekte aus neutraler Position besprechen und erfahren oft die tats\u00e4chlichen Gr\u00fcnde, warum ein Kunde kauft oder eben nicht, wo und auf welchen Feldern er in Zukunft investiert und welche f\u00fcr den Kunden wettbewerbs\u00addifferenzierenden Faktoren in Zukunft von Bedeutung sind.<\/p>\n<p class=\"grayp\">Wir begleiten den Akquisitionsprozess zwischen dem Auftraggeber und dem Kunden bis zum Abschluss. Das k\u00f6nnen und machen Sie auch.<\/p>\n<p class=\"grayp\">Aber auch da erfahren wir als neutraler Partner schneller und direkter wo es in den Entscheidungsprozessen beim Kunden, aber auch beim eigenen Unternehmen klemmt und warum der Kunde mit einzelnen Leistungen, oft auch mit Personen oder der Abstimmung zwischen Vertrieb und Technik, nicht einverstanden ist und es dadurch zu einer Verschleppung der Prozesse, im Extremfall zu einer negativen Entscheidung \u00fcber das Angebot oder die Zusammenarbeit kommt.<\/p>\n<p class=\"grayp\">Wir haben 30 Jahre praktische Erfahrung bei der Umsetzung von Methoden im Key Account Management in den Branchen Automotive, Maschinenbau, dem Bau von Sonderfahrzeugen und Schienenfahrzeugen, aber auch anderen von Schl\u00fcsselkunden dominierten M\u00e4rkten wie z.B. Gro\u00dfhandel, Software, Shared Services oder Bau gro\u00dfer Industrieanlagen. Durch die Bearbeitung der unterschiedlichen Branchen, aber den Einsatz des gleichen methodischen Baukastens, f\u00fchren wir automatisch ein Benchmarking der Vertriebsprozesse durch. Diese Erkenntnisse k\u00f6nnen wir direkt an Sie weitergeben.<\/p>\n<p class=\"grayp\">Unser pers\u00f6nliches Kennen vieler Entscheider in vielen Kernbranchen sowie Kenntnis der Strukturen und Entscheidungswege er\u00f6ffnet Ihnen neue gesch\u00e4ftliche M\u00f6glichkeiten.<\/p>\n<p class=\"grayp\">Die Seniorit\u00e4t und Erfahrung unserer Professionals erm\u00f6glicht die F\u00fchrung erfolgreicher Gespr\u00e4che auf Top Ebene.<\/p>\n","protected":false},"excerpt":{"rendered":"<p>Testen Sie die Wirkung unseres Feuerwerks. Wir haben schon Auftr\u00e4ge akquiriert, die vom Kunden bereits abgesagt wurden. Wir erreichen die ertragreiche Steigerung des Gesch\u00e4fts durch unsere erfahrenen Vertriebsprofis, weltweit. Gerne arbeiten wir auf der Basis erfolgsorientierter Honorarmodelle. Erfolgsfaktoren Wir haben keine Vertriebsprofis, die besser als Ihre Besten sind, aber auch nicht schlechter. Aber es gibt [&hellip;]<\/p>\n","protected":false},"author":1,"featured_media":0,"parent":388,"menu_order":0,"comment_status":"closed","ping_status":"closed","template":"","meta":[],"_links":{"self":[{"href":"https:\/\/imacos.com\/de\/wp-json\/wp\/v2\/pages\/402"}],"collection":[{"href":"https:\/\/imacos.com\/de\/wp-json\/wp\/v2\/pages"}],"about":[{"href":"https:\/\/imacos.com\/de\/wp-json\/wp\/v2\/types\/page"}],"author":[{"embeddable":true,"href":"https:\/\/imacos.com\/de\/wp-json\/wp\/v2\/users\/1"}],"replies":[{"embeddable":true,"href":"https:\/\/imacos.com\/de\/wp-json\/wp\/v2\/comments?post=402"}],"version-history":[{"count":1,"href":"https:\/\/imacos.com\/de\/wp-json\/wp\/v2\/pages\/402\/revisions"}],"predecessor-version":[{"id":677,"href":"https:\/\/imacos.com\/de\/wp-json\/wp\/v2\/pages\/402\/revisions\/677"}],"up":[{"embeddable":true,"href":"https:\/\/imacos.com\/de\/wp-json\/wp\/v2\/pages\/388"}],"wp:attachment":[{"href":"https:\/\/imacos.com\/de\/wp-json\/wp\/v2\/media?parent=402"}],"curies":[{"name":"wp","href":"https:\/\/api.w.org\/{rel}","templated":true}]}}