{"id":400,"date":"2020-11-03T09:02:25","date_gmt":"2020-11-03T09:02:25","guid":{"rendered":"http:\/\/addigital.imacos.com\/dienstleistungen\/strategische-positionierung\/"},"modified":"2021-05-16T16:20:43","modified_gmt":"2021-05-16T16:20:43","slug":"strategische-positionierung","status":"publish","type":"page","link":"https:\/\/imacos.com\/de\/dienstleistungen\/strategische-positionierung\/","title":{"rendered":"Strategische Positionierung"},"content":{"rendered":"<h2 class=\"mainpp\">Transparenz schaffen und dann operativ erfolgreich angreifen.<\/h2>\n<p class=\"grayp\">F\u00fcr die Erarbeitung von zielf\u00fchrenden und umsetzbaren unternehmensstrategischen Fragestellungen ben\u00f6tigen Sie klare Analysen des Marktes, der Wettbewerber und technologischer Trends.<\/p>\n<p class=\"grayp\">Genauso wichtig ist es, entsprechend den verf\u00fcgbaren Ressourcen in kleinen Schritten, aber hartn\u00e4ckig, zum Ziel zu gelangen.<\/p>\n<p class=\"grayp\">Zusammen mit Ihnen beantworten wir die Fragen:<\/p>\n<ul>\n<li class=\"grayp\">Wie k\u00f6nnen wir zu den Besten unseres Marktsegments aufr\u00fccken oder die Nr. 1 werden?<\/li>\n<li class=\"grayp\">Wie k\u00f6nnen wir den Wert des Unternehmens dauerhaft steigern?<\/li>\n<li class=\"grayp\">Welche M\u00e4rkte sollen wir zuk\u00fcnftig bearbeiten?<\/li>\n<li class=\"grayp\">Welche Produkte und Leistungen sollen wir anbieten?<\/li>\n<li class=\"grayp\">Welche Ressourcen ben\u00f6tigen wir zum weiteren Ausbau unseres Gesch\u00e4fts?<\/li>\n<li class=\"grayp\">Welche neuen Gesch\u00e4ftsfelder sollen wir entwickeln?<\/li>\n<li class=\"grayp\">Welche Produkte und Leistungen sollen wir an welchen Standorten herstellen oder erbringen?<\/li>\n<li class=\"grayp\">Mit welchen neuen Wettbewerbern m\u00fcssen wir rechnen?<\/li>\n<li class=\"grayp\">Welche F &amp; E Ressourcen ben\u00f6tigen wir? Wie kann die Effizienz der F&amp;E Aktivit\u00e4ten optimiert werden? Welche Kooperationen sollten wir dazu eingehen?<\/li>\n<li class=\"grayp\">Wie k\u00f6nnen wir den Zugang zu qualifizierten und international ausgebildeten Mitarbeitern und wie k\u00f6nnen wir die Attraktivit\u00e4t als Arbeitgeber verbessern?<\/li>\n<\/ul>\n","protected":false},"excerpt":{"rendered":"<p>Transparenz schaffen und dann operativ erfolgreich angreifen. F\u00fcr die Erarbeitung von zielf\u00fchrenden und umsetzbaren unternehmensstrategischen Fragestellungen ben\u00f6tigen Sie klare Analysen des Marktes, der Wettbewerber und technologischer Trends. Genauso wichtig ist es, entsprechend den verf\u00fcgbaren Ressourcen in kleinen Schritten, aber hartn\u00e4ckig, zum Ziel zu gelangen. Zusammen mit Ihnen beantworten wir die Fragen: Wie k\u00f6nnen wir zu [&hellip;]<\/p>\n","protected":false},"author":1,"featured_media":0,"parent":388,"menu_order":0,"comment_status":"closed","ping_status":"closed","template":"","meta":[],"_links":{"self":[{"href":"https:\/\/imacos.com\/de\/wp-json\/wp\/v2\/pages\/400"}],"collection":[{"href":"https:\/\/imacos.com\/de\/wp-json\/wp\/v2\/pages"}],"about":[{"href":"https:\/\/imacos.com\/de\/wp-json\/wp\/v2\/types\/page"}],"author":[{"embeddable":true,"href":"https:\/\/imacos.com\/de\/wp-json\/wp\/v2\/users\/1"}],"replies":[{"embeddable":true,"href":"https:\/\/imacos.com\/de\/wp-json\/wp\/v2\/comments?post=400"}],"version-history":[{"count":1,"href":"https:\/\/imacos.com\/de\/wp-json\/wp\/v2\/pages\/400\/revisions"}],"predecessor-version":[{"id":672,"href":"https:\/\/imacos.com\/de\/wp-json\/wp\/v2\/pages\/400\/revisions\/672"}],"up":[{"embeddable":true,"href":"https:\/\/imacos.com\/de\/wp-json\/wp\/v2\/pages\/388"}],"wp:attachment":[{"href":"https:\/\/imacos.com\/de\/wp-json\/wp\/v2\/media?parent=400"}],"curies":[{"name":"wp","href":"https:\/\/api.w.org\/{rel}","templated":true}]}}