{"id":398,"date":"2020-11-03T09:01:56","date_gmt":"2020-11-03T09:01:56","guid":{"rendered":"http:\/\/addigital.imacos.com\/dienstleistungen\/corporate-finance-und-ma\/"},"modified":"2021-05-16T15:25:56","modified_gmt":"2021-05-16T15:25:56","slug":"corporate-finance-und-ma","status":"publish","type":"page","link":"https:\/\/imacos.com\/de\/dienstleistungen\/corporate-finance-und-ma\/","title":{"rendered":"Corporate Finance und M&#038;A"},"content":{"rendered":"<h2 class=\"mainpp\">Die Entwicklung rasch umsetzbarer Finanzierungskonzepte und die Gewinnung neuer finanzstarker Partner ist meist ein zentraler Erfolgsfaktor f\u00fcr eine Restrukturierung.<\/h2>\n<h3 class=\"mainp\">Corporate Finance<\/h3>\n<p class=\"grayp\">Wir bewerten das Unternehmen und seine Assets nicht nur auf Basis seiner Markt- und Wettbewerbsposition, seiner technologischen St\u00e4rken oder seiner Bilanz- und Finanzstruktur, sondern auch durch die Bewertung des Managements und wichtiger Experten<\/p>\n<p class=\"grayp\">Wir erarbeiten detaillierte Planrechnungen f\u00fcr Umsatz und Kosten, Investitionen und Ressourcen, Cash Flow und Rendite und wir f\u00fchren kurzfristig wirksame Umsetzungs\u00adma\u00dfnahmen zur Verbesserung des Liquidit\u00e4tsmanagements durch<\/p>\n<p class=\"grayp\">Wir erarbeiten Ma\u00dfnahmen zur Restrukturierung der Finanzen und Ans\u00e4tze zur Realisierung von Kapitalbeschaffungsma\u00dfnahmen.<\/p>\n<h3 class=\"mainp\">Mergers &amp; Acquisitions<\/h3>\n<p class=\"grayp\">Unsere Partner und Professionals haben mehr als 100 Transaktionen durchgef\u00fchrt. Die Transaktionen erreichten ein Transaktionsvolumen von bis zu 1 Mrd.\u20ac.<\/p>\n<p class=\"grayp\">Auf Basis unserer langj\u00e4hrigen Branchen-Erfahrung bieten wir Beratung bei Kauf oder Verkauf von Einzelunternehmen und Konzernteilen<\/p>\n<p class=\"grayp\">Zugleich k\u00f6nnen sich unsere Kunden auf Bew\u00e4hrtes verlassen: Unser weltweites Netzwerk und die Einbindung von auf die Branche spezialisierter M&amp;A Berater gew\u00e4hren Ihnen schnelle Ergebnisse.<\/p>\n<p class=\"grayp\">Bei der professionellen Vorbereitung und Durchf\u00fchrung der Due Diligence (auch f\u00fcr industrielle und finanzstrategische Investoren) bis hin zur steueroptimierten Gestaltung der Transaktion stehen wir Ihnen aktiv zur Seite.<\/p>\n<p class=\"grayp\">Wir unterst\u00fctzen Sie beim Management von Unternehmenskooperationen \/ Mergern inkl. Umsetzung und Einsatz von Interim Managern.<\/p>\n","protected":false},"excerpt":{"rendered":"<p>Die Entwicklung rasch umsetzbarer Finanzierungskonzepte und die Gewinnung neuer finanzstarker Partner ist meist ein zentraler Erfolgsfaktor f\u00fcr eine Restrukturierung. Corporate Finance Wir bewerten das Unternehmen und seine Assets nicht nur auf Basis seiner Markt- und Wettbewerbsposition, seiner technologischen St\u00e4rken oder seiner Bilanz- und Finanzstruktur, sondern auch durch die Bewertung des Managements und wichtiger Experten Wir [&hellip;]<\/p>\n","protected":false},"author":1,"featured_media":0,"parent":388,"menu_order":0,"comment_status":"closed","ping_status":"closed","template":"","meta":[],"_links":{"self":[{"href":"https:\/\/imacos.com\/de\/wp-json\/wp\/v2\/pages\/398"}],"collection":[{"href":"https:\/\/imacos.com\/de\/wp-json\/wp\/v2\/pages"}],"about":[{"href":"https:\/\/imacos.com\/de\/wp-json\/wp\/v2\/types\/page"}],"author":[{"embeddable":true,"href":"https:\/\/imacos.com\/de\/wp-json\/wp\/v2\/users\/1"}],"replies":[{"embeddable":true,"href":"https:\/\/imacos.com\/de\/wp-json\/wp\/v2\/comments?post=398"}],"version-history":[{"count":1,"href":"https:\/\/imacos.com\/de\/wp-json\/wp\/v2\/pages\/398\/revisions"}],"predecessor-version":[{"id":658,"href":"https:\/\/imacos.com\/de\/wp-json\/wp\/v2\/pages\/398\/revisions\/658"}],"up":[{"embeddable":true,"href":"https:\/\/imacos.com\/de\/wp-json\/wp\/v2\/pages\/388"}],"wp:attachment":[{"href":"https:\/\/imacos.com\/de\/wp-json\/wp\/v2\/media?parent=398"}],"curies":[{"name":"wp","href":"https:\/\/api.w.org\/{rel}","templated":true}]}}