{"id":396,"date":"2020-11-03T09:01:16","date_gmt":"2020-11-03T09:01:16","guid":{"rendered":"http:\/\/addigital.imacos.com\/dienstleistungen\/fortfuehrungsgutachten\/"},"modified":"2021-05-16T15:26:37","modified_gmt":"2021-05-16T15:26:37","slug":"fortfuehrungsgutachten","status":"publish","type":"page","link":"https:\/\/imacos.com\/de\/dienstleistungen\/fortfuehrungsgutachten\/","title":{"rendered":"Fortf\u00fchrungsgutachten"},"content":{"rendered":"<h2 class=\"mainpp\">Das Fortf\u00fchrungsgutachten stellt die Basis f\u00fcr die Prolongation der Kredite dar und ist deshalb in der Krise zwingend.<\/h2>\n<p class=\"grayp\">Unsere Fortf\u00fchrungsgutachten werden strikt auf die Anforderungen der Kreditgeber und kontinuierlich mit diesen und dem Unternehmen abgestimmt. Das Gutachten orientiert sich an den IDW Leitlinien bzw. entsprechend den Anforderungen der Rechtssprechung f\u00fcr diese Gutachten.<\/p>\n<p class=\"grayp\">Da Fortf\u00fchrungsgutachten oft erst in einem fortgeschrittenen Stadium der Krise angefordert werden, erstellen wir diese in der Regel innerhalb von 6 bis 8 Wochen. Dabei warten wir mit der Einleitung von Ma\u00dfnahmen nicht ab bis das Gutachten vorliegt, sondern wir starten direkt mit der Restrukturierung. Dadurch verbessern sich die Erfolgschancen enorm.<\/p>\n<h3 class=\"mainp\">Entwicklung von belastbaren Businesspl\u00e4nen<\/h3>\n<p class=\"grayp\">Die Bewertung realistischer Ums\u00e4tze ist der Schl\u00fcssel f\u00fcr die Umsetzbarkeit der Sanierung. So pr\u00fcfen wir z.B. in der Automobilzuliefererindustrie oder dem Maschinenbau jeden einzelnen Auftrag<\/p>\n<h3 class=\"mainp\">Abstimmung aller Sanierungsma\u00dfnahmen mit Kreditgebern, Kunden, Lieferanten, dem Management und den Eigent\u00fcmern<\/h3>\n<p class=\"mainp\">Erstellung von Fortf\u00fchrungskonzepten bei Insolvenz in Eigenverwaltung und Einsatz eines Treuh\u00e4nders oder Sachwalters<\/p>\n","protected":false},"excerpt":{"rendered":"<p>Das Fortf\u00fchrungsgutachten stellt die Basis f\u00fcr die Prolongation der Kredite dar und ist deshalb in der Krise zwingend. Unsere Fortf\u00fchrungsgutachten werden strikt auf die Anforderungen der Kreditgeber und kontinuierlich mit diesen und dem Unternehmen abgestimmt. Das Gutachten orientiert sich an den IDW Leitlinien bzw. entsprechend den Anforderungen der Rechtssprechung f\u00fcr diese Gutachten. Da Fortf\u00fchrungsgutachten oft [&hellip;]<\/p>\n","protected":false},"author":1,"featured_media":0,"parent":388,"menu_order":0,"comment_status":"closed","ping_status":"closed","template":"","meta":[],"_links":{"self":[{"href":"https:\/\/imacos.com\/de\/wp-json\/wp\/v2\/pages\/396"}],"collection":[{"href":"https:\/\/imacos.com\/de\/wp-json\/wp\/v2\/pages"}],"about":[{"href":"https:\/\/imacos.com\/de\/wp-json\/wp\/v2\/types\/page"}],"author":[{"embeddable":true,"href":"https:\/\/imacos.com\/de\/wp-json\/wp\/v2\/users\/1"}],"replies":[{"embeddable":true,"href":"https:\/\/imacos.com\/de\/wp-json\/wp\/v2\/comments?post=396"}],"version-history":[{"count":1,"href":"https:\/\/imacos.com\/de\/wp-json\/wp\/v2\/pages\/396\/revisions"}],"predecessor-version":[{"id":659,"href":"https:\/\/imacos.com\/de\/wp-json\/wp\/v2\/pages\/396\/revisions\/659"}],"up":[{"embeddable":true,"href":"https:\/\/imacos.com\/de\/wp-json\/wp\/v2\/pages\/388"}],"wp:attachment":[{"href":"https:\/\/imacos.com\/de\/wp-json\/wp\/v2\/media?parent=396"}],"curies":[{"name":"wp","href":"https:\/\/api.w.org\/{rel}","templated":true}]}}