{"id":392,"date":"2020-11-02T15:12:51","date_gmt":"2020-11-02T15:12:51","guid":{"rendered":"http:\/\/addigital.imacos.com\/dienstleistungen\/beiraete\/"},"modified":"2021-05-16T15:23:51","modified_gmt":"2021-05-16T15:23:51","slug":"beiraete","status":"publish","type":"page","link":"https:\/\/imacos.com\/de\/dienstleistungen\/beiraete\/","title":{"rendered":"Beir\u00e4te"},"content":{"rendered":"<h2 class=\"mainpp\">Der Einsatz von erfahrenen Beir\u00e4ten kann Ihr Unternehmen in eine erfolgreiche Zukunft begleiten.<\/h2>\n<p class=\"grayp\">Wir erarbeiten in enger Zusammenarbeit mit Ihnen ein Zukunftskonzept, das auch die Interessen der Gesellschafter(st\u00e4mme) integriert.<\/p>\n<p>Durch uns vermittelte Beir\u00e4te k\u00f6nnen ziehen ihre Erfahrung prinzipiell aus der eigenen langj\u00e4hrigen und erfolgreichen Managementkarriere.<\/p>\n<p>Sollte sich im Rahmen der Arbeit ein Thema Transformation ergeben, so arbeiten wir hier erfolgreich mit dem Marktf\u00fchrer Grantiro in diesem Bereich zusammen.<\/p>\n<p>Auch f\u00fcr Fragen der Digitalisierung k\u00f6nnen Sie auf uns bauen. Hier unterst\u00fctzt uns das AWSi: August-Wilhelm Scheer Institut &#8211; nachgewiesen einer der Beste seiner Zunft.<\/p>\n<p class=\"grayp\">Durch unsere Anw\u00e4lte und Steuerberater k\u00f6nnen wir Ihnen ganzheitliche Beratung aus einer Hand bieten.<\/p>\n","protected":false},"excerpt":{"rendered":"<p>Der Einsatz von erfahrenen Beir\u00e4ten kann Ihr Unternehmen in eine erfolgreiche Zukunft begleiten. Wir erarbeiten in enger Zusammenarbeit mit Ihnen ein Zukunftskonzept, das auch die Interessen der Gesellschafter(st\u00e4mme) integriert. Durch uns vermittelte Beir\u00e4te k\u00f6nnen ziehen ihre Erfahrung prinzipiell aus der eigenen langj\u00e4hrigen und erfolgreichen Managementkarriere. Sollte sich im Rahmen der Arbeit ein Thema Transformation ergeben, [&hellip;]<\/p>\n","protected":false},"author":1,"featured_media":0,"parent":388,"menu_order":0,"comment_status":"closed","ping_status":"closed","template":"","meta":[],"_links":{"self":[{"href":"https:\/\/imacos.com\/de\/wp-json\/wp\/v2\/pages\/392"}],"collection":[{"href":"https:\/\/imacos.com\/de\/wp-json\/wp\/v2\/pages"}],"about":[{"href":"https:\/\/imacos.com\/de\/wp-json\/wp\/v2\/types\/page"}],"author":[{"embeddable":true,"href":"https:\/\/imacos.com\/de\/wp-json\/wp\/v2\/users\/1"}],"replies":[{"embeddable":true,"href":"https:\/\/imacos.com\/de\/wp-json\/wp\/v2\/comments?post=392"}],"version-history":[{"count":2,"href":"https:\/\/imacos.com\/de\/wp-json\/wp\/v2\/pages\/392\/revisions"}],"predecessor-version":[{"id":657,"href":"https:\/\/imacos.com\/de\/wp-json\/wp\/v2\/pages\/392\/revisions\/657"}],"up":[{"embeddable":true,"href":"https:\/\/imacos.com\/de\/wp-json\/wp\/v2\/pages\/388"}],"wp:attachment":[{"href":"https:\/\/imacos.com\/de\/wp-json\/wp\/v2\/media?parent=392"}],"curies":[{"name":"wp","href":"https:\/\/api.w.org\/{rel}","templated":true}]}}