{"id":390,"date":"2020-11-02T15:12:38","date_gmt":"2020-11-02T15:12:38","guid":{"rendered":"http:\/\/addigital.imacos.com\/dienstleistungen\/interim-manager\/"},"modified":"2021-05-16T16:41:23","modified_gmt":"2021-05-16T16:41:23","slug":"interim-manager","status":"publish","type":"page","link":"https:\/\/imacos.com\/de\/dienstleistungen\/interim-manager\/","title":{"rendered":"Interim manager"},"content":{"rendered":"<h2 class=\"mainpp\">IMACOS Interim Manager unterst\u00fctzen Sie kurzfristig, wirkungsvoll und zuverl\u00e4ssig von der Strategieentwicklung bis zum Abschluss der Umsetzungsarbeiten.<\/h2>\n<p class=\"grayp\">Unsere Executive Professionals sind Strategen mit langj\u00e4hriger Umsetzungserfahrung und \u00fcbernehmen Management-Verantwortung auf der ersten und zweiten F\u00fchrungsebene, auch als CEO oder CRO.<\/p>\n<p>IMACOS kann auf mehrere hundert Interim Manager f\u00fcr die <strong>1. und 2. F\u00fchrungsebene<\/strong> zur\u00fcck\u00adgreifen. Operativ erfahrene Experten mit technischem, betriebswirtschaftlichem oder vertrieblichem Hintergrund runden unser Kompetenzprofil ab.<\/p>\n<p>Rund 20 Manager mit Erfahrung auf der 1. Ebene sind seit vielen Jahren als feste Kooperationspartner in unsere Projekte eingebunden, so da\u00df wir auch sehr kurzfristig Projekte besetzen k\u00f6nnen. Suchen Sie Mitarbeiter auf Expertenebene, dann sind Sie vermutlich besser mit einem der klassischen Makler f\u00fcr Interim Manager unterwegs.<\/p>\n<p class=\"grayp\"><strong>Unsere St\u00e4rke liegt im Anbieten von eingespielten Sanierungsteams<\/strong>, zusammengesetzt aus den Bereichen<\/p>\n<ul>\n<li class=\"grayp\">Finanzen<\/li>\n<li class=\"grayp\">Vertrieb<\/li>\n<li class=\"grayp\">Projektmanagement, An- und Auslaufmanagement<\/li>\n<li class=\"grayp\">Einkauf<\/li>\n<li class=\"grayp\">Produktion\/Montage und Entwicklung<\/li>\n<li class=\"grayp\">Projektleitung\/Gesch\u00e4ftsf\u00fchrer f\u00fcr den Aufbau von Werken in Osteuropa<\/li>\n<li class=\"grayp\">Personal<\/li>\n<\/ul>\n<p>Die Betonung liegt auf eingespielt. Einfach nur Interim Manager suchen und dann zu meinen, da\u00df diese Profis es zusammen richten werden &#8211; das geht meist ins Auge, da es sich um Einzelk\u00e4mpfer handelt, die oft gar nicht teamf\u00e4hig sind.<\/p>\n<p class=\"grayp\">Projektbeispiele:<\/p>\n<ul>\n<li class=\"grayp\">Bei fehlender Verf\u00fcgbarkeit einer geeigneten internen F\u00fchrungskraft kurzfristig die entsprechende Aufgabe \u00fcbernehmen, auch bei ausl\u00e4ndischen Tochtergesellschaften, z.B. als Werkleiter f\u00fcr Restrukturierung eines Werkes, als Vertriebsleiter etc.<\/li>\n<li class=\"grayp\">Sanierung als \u201eFeuerwehr\u201c in der Gesch\u00e4ftsleitung, z.B. als CRO &#8211; auch Vorbereitung einer Insolvenz in Eigenverwaltung oder unter Schutzschirm<\/li>\n<li class=\"grayp\">Aufbau von Entwicklung und Produktion im Ausland, nicht nur den Standort ausw\u00e4hlen, auch die Projektleitung bis zur Inbetriebnahme des Werkes verantwortlich \u00fcbernehmen<\/li>\n<li class=\"grayp\">Das Unternehmen verkaufsf\u00e4hig machen<\/li>\n<li class=\"grayp\">Integration eines akquirierten Unternehmens<\/li>\n<li class=\"grayp\">Unterst\u00fctzung des Projektteams f\u00fcr einen kurzfristig \u00fcbernommenen Gro\u00dfauftrag, z.B. Anlaufmanagement<\/li>\n<li>Schlie\u00dfung eines Werkes und Auslaufmanagement<\/li>\n<\/ul>\n","protected":false},"excerpt":{"rendered":"<p>IMACOS Interim Manager unterst\u00fctzen Sie kurzfristig, wirkungsvoll und zuverl\u00e4ssig von der Strategieentwicklung bis zum Abschluss der Umsetzungsarbeiten. Unsere Executive Professionals sind Strategen mit langj\u00e4hriger Umsetzungserfahrung und \u00fcbernehmen Management-Verantwortung auf der ersten und zweiten F\u00fchrungsebene, auch als CEO oder CRO. IMACOS kann auf mehrere hundert Interim Manager f\u00fcr die 1. und 2. F\u00fchrungsebene zur\u00fcck\u00adgreifen. Operativ erfahrene [&hellip;]<\/p>\n","protected":false},"author":1,"featured_media":0,"parent":388,"menu_order":0,"comment_status":"closed","ping_status":"closed","template":"","meta":[],"_links":{"self":[{"href":"https:\/\/imacos.com\/de\/wp-json\/wp\/v2\/pages\/390"}],"collection":[{"href":"https:\/\/imacos.com\/de\/wp-json\/wp\/v2\/pages"}],"about":[{"href":"https:\/\/imacos.com\/de\/wp-json\/wp\/v2\/types\/page"}],"author":[{"embeddable":true,"href":"https:\/\/imacos.com\/de\/wp-json\/wp\/v2\/users\/1"}],"replies":[{"embeddable":true,"href":"https:\/\/imacos.com\/de\/wp-json\/wp\/v2\/comments?post=390"}],"version-history":[{"count":3,"href":"https:\/\/imacos.com\/de\/wp-json\/wp\/v2\/pages\/390\/revisions"}],"predecessor-version":[{"id":679,"href":"https:\/\/imacos.com\/de\/wp-json\/wp\/v2\/pages\/390\/revisions\/679"}],"up":[{"embeddable":true,"href":"https:\/\/imacos.com\/de\/wp-json\/wp\/v2\/pages\/388"}],"wp:attachment":[{"href":"https:\/\/imacos.com\/de\/wp-json\/wp\/v2\/media?parent=390"}],"curies":[{"name":"wp","href":"https:\/\/api.w.org\/{rel}","templated":true}]}}