{"id":387,"date":"2020-12-14T13:36:08","date_gmt":"2020-12-14T13:36:08","guid":{"rendered":"http:\/\/addigital.imacos.com\/referenzen\/"},"modified":"2020-12-14T13:36:08","modified_gmt":"2020-12-14T13:36:08","slug":"referenzen","status":"publish","type":"page","link":"https:\/\/imacos.com\/de\/referenzen\/","title":{"rendered":"Referenzen"},"content":{"rendered":"<h2 class=\"mainpp\">Die Meinung unserer Kunden ist unsere\u00a0Antriebskraft f\u00fcr Perfektion und Innovation.<\/h2>\n<h3 class=\"mainp\">Maschinenbau, 600 Mio.\u20ac Umsatz<\/h3>\n<p class=\"grayp\">\u201eDem Team &#8230; m\u00f6chten wir f\u00fcr die hartn\u00e4ckige und zielorientierte Umsetzungsunterst\u00fctzung und die pers\u00f6nlich angenehme Zusammenarbeit danken\u201c \u2013 Dr. Harald Gosebruch, Vorstand\u201c<\/p>\n<h3 class=\"mainp\">Automobilzulieferer 1,1 Mrd.\u20ac Umsatz<\/h3>\n<p class=\"grayp\">\u201eDie Anforderung an IMACOS war, die Kosten innerhalb des Projektzeitraums bilanzwirksam um min-destens den Betrag zu senken, der als Aufwendungen in Rechnung gestellt wird. Dieses Ziel wurde deutlich \u00fcbertroffen. Dies werten wir als \u00fcberdurchschnittlichen Erfolg.\u201c \u2013 Frederic Flory, Vice President<\/p>\n<h3 class=\"mainp\">Maschinen- \/ Anlagenbau, 350 Mio.\u20ac Umsatz<\/h3>\n<p class=\"grayp\">\u201eAls besonders High Light konnten von IMACOS sogar Auftr\u00e4ge gewonnen werden, die nach interner Entscheidung des Kunden bereits an den Wettbewerb vergeben waren. Parallel konnte die Kostenposition eines laufenden Auftrags um ca. 15% ergebniswirksam gesenkt werden.\u201c Friedrich Schmidt Vorstand<\/p>\n<h3 class=\"mainp\">Automobilzulieferer, 2,6 Mrd.\u20ac Umsatz<\/h3>\n<p class=\"grayp\">\u201eIm Rahmen zahlreicher Projekte im In- und Ausland \u2026, habe ich Herrn Dr. Truckenm\u00fcller als um-setzungsstarke Pers\u00f6nlichkeit kennen gelernt. Auch wegen seiner vertieften Branchenkenntnisse, seinem breiten Netzwerk und seiner langj\u00e4hrigen Erfahrung im Aufbau ausl\u00e4ndischer Standorte ist Herr Dr. Truckenm\u00fcller f\u00fcr uns ein wichtiger Gespr\u00e4chspartner. Positiv f\u00fcr mich ist auch die loyale und stets freundliche Zusammenarbeit.\u201c Manfred Wolf, Gesch\u00e4ftsf\u00fchrer<\/p>\n<h3 class=\"mainp\">Maschinen- \/ Anlagenbau, 300 Mio.\u20ac Umsatz<\/h3>\n<p class=\"grayp\">\u201eAlle Ziele wurden im gesetzten Zeitrahmen vollst\u00e4ndig erreicht. Herr Dr. Truckenm\u00fcller konnte als erfahrene F\u00fchrungskraft und methodisch geschulter Umsetzungsberater die Gesch\u00e4ftsf\u00fchrung Vertrieb als Interim Manager wirkungsvoll entlasten.\u201c \u2013 Dr. Joachim Haats, Vorsitzender der Gesch\u00e4ftsf\u00fchrung<\/p>\n<h3 class=\"mainp\">Automobilzulieferer, 80 Mio.\u20ac Umsatz<\/h3>\n<p class=\"grayp\">\u201eAlle 12 Monate der Sanierungsbegleitung konnten \u00fcber Plan im Umsatz und Ertrag abgeschlossen werden. Der Aufwand f\u00fcr die Unterst\u00fctzung von IMACOS wurde in weniger als 5 Monaten amortisiert\u201c \u2013 Regina Schulte, gesch\u00e4ftsf\u00fchrende Gesellschafterin<\/p>\n<h3 class=\"mainp\">Hersteller von Industrie\u00f6fen, 10 Mio.\u20ac Umsatz<\/h3>\n<p class=\"grayp\">\u201eDurch IMACOS konnten die Bankenfinanzierungen sowie eine Landesb\u00fcrgschaft erfolgreich verhandelt werden. F\u00fcr die Umsetzung der Sanierung wurde ein erfahrener Gesch\u00e4ftsf\u00fchrer gestellt\u201c \u2013 Internationales Bankhaus Bodensee, Helmut Martius, Direktor Firmenkundengesch\u00e4ft<\/p>\n","protected":false},"excerpt":{"rendered":"<p>Die Meinung unserer Kunden ist unsere\u00a0Antriebskraft f\u00fcr Perfektion und Innovation. Maschinenbau, 600 Mio.\u20ac Umsatz \u201eDem Team &#8230; m\u00f6chten wir f\u00fcr die hartn\u00e4ckige und zielorientierte Umsetzungsunterst\u00fctzung und die pers\u00f6nlich angenehme Zusammenarbeit danken\u201c \u2013 Dr. Harald Gosebruch, Vorstand\u201c Automobilzulieferer 1,1 Mrd.\u20ac Umsatz \u201eDie Anforderung an IMACOS war, die Kosten innerhalb des Projektzeitraums bilanzwirksam um min-destens den Betrag [&hellip;]<\/p>\n","protected":false},"author":1,"featured_media":0,"parent":0,"menu_order":0,"comment_status":"closed","ping_status":"closed","template":"","meta":[],"_links":{"self":[{"href":"https:\/\/imacos.com\/de\/wp-json\/wp\/v2\/pages\/387"}],"collection":[{"href":"https:\/\/imacos.com\/de\/wp-json\/wp\/v2\/pages"}],"about":[{"href":"https:\/\/imacos.com\/de\/wp-json\/wp\/v2\/types\/page"}],"author":[{"embeddable":true,"href":"https:\/\/imacos.com\/de\/wp-json\/wp\/v2\/users\/1"}],"replies":[{"embeddable":true,"href":"https:\/\/imacos.com\/de\/wp-json\/wp\/v2\/comments?post=387"}],"version-history":[{"count":0,"href":"https:\/\/imacos.com\/de\/wp-json\/wp\/v2\/pages\/387\/revisions"}],"wp:attachment":[{"href":"https:\/\/imacos.com\/de\/wp-json\/wp\/v2\/media?parent=387"}],"curies":[{"name":"wp","href":"https:\/\/api.w.org\/{rel}","templated":true}]}}