{"id":386,"date":"2020-11-02T15:05:07","date_gmt":"2020-11-02T15:05:07","guid":{"rendered":"http:\/\/addigital.imacos.com\/kunden\/"},"modified":"2021-05-16T16:52:35","modified_gmt":"2021-05-16T16:52:35","slug":"kunden","status":"publish","type":"page","link":"https:\/\/imacos.com\/de\/kunden\/","title":{"rendered":"Kunden"},"content":{"rendered":"<h2 class=\"mainpp\">Die Erf\u00fcllung h\u00f6chster Qualit\u00e4tsanforderungen\u00a0unserer Kunden ist unser stetiger Ansporn. Auszug aus unserer Referenzliste:<\/h2>\n<p class=\"grayp\"><strong>A<\/strong>dtranz (D, PL, CZ), Alchemy, Alfing Kessler Sondermaschinen, Altus (erneuerbare Energien), Ascoforge, Asea Brown Boveri (Holding, Antriebstechnik), ATP Automobiltechnik, Audi<\/p>\n<p class=\"grayp\"><strong>B<\/strong>abcock Borsig, BBS, Becker Autoradio, BHS\/Voith Getriebebau, BLANCO Professional, Binz Fahrzeugbau, BMW, Bombardier, Bosch (Fahrzeugteilehandel, Verpackungsmaschinen, Holding), Brose, Bulgaria-K<\/p>\n<p class=\"grayp\"><strong>C<\/strong>.D. Peddinghaus, Chiron, Claas, Commerzbank, Creditanstalt Wien, CTS Fahrzeug Dachsysteme<\/p>\n<p class=\"grayp\"><strong>D<\/strong>aimler, Deckel, DEKRA, Deutsche Bahn, Deutsche Bank, Dieffenbacher, Dinkelacker, Dresdner Bank<\/p>\n<p class=\"grayp\"><strong>E<\/strong>asy Software, EMAG, E-on, Ernst&amp;Young<\/p>\n<p class=\"grayp\"><strong>F<\/strong>AG Kugelfischer, Felten &amp; Guilleaume, Flachglas, Flexcon CZ, FSC,\u00a0Fujitsu Siemens Computer<\/p>\n<p class=\"grayp\"><strong>G<\/strong>eiger Technologies, Grammer, Groupe Fabricom \/ Geiger Abwasserreinigung<\/p>\n<p class=\"grayp\"><strong>H<\/strong>ahn, Hauni \/ K\u00f6rber Konzern, Heidelberger Druckmaschinen, Hein Lehmann \/ Arbed, Helaba, Hella, Herkal, Hewlett Packard, HKM H\u00fcttenwerke Krupp Mannesmann, Hoesch Schwinn, HYDAC<\/p>\n<p class=\"grayp\"><strong>I<\/strong>WKA Konzern, Index-Werke, Industrial Commerce, Ireks-Arkady, Isringhausen<\/p>\n<p class=\"grayp\"><strong>K<\/strong>arges-Hammer, Karmann, Keiper, Kemmler Electronic, Kienbaum, Klasmann-Deilmann, Knorr-Bremse, Kolbenschmidt Pierburg, Kreissparkasse Ludwigsburg, Kuka Group<\/p>\n<p class=\"grayp\"><strong>L<\/strong>\u00e4pple, Leiber Group, Lindenmeier, Linke Hofmann Busch, Lippold Kraftfahrzeugteilehandel, Littauische Bahn<\/p>\n<p class=\"grayp\"><strong>M<\/strong>agna (Pebra, Presstec Graz, Holding Graz), Mahle, Mainzer Verlagsanstalt, MAN Truck, Mann + Hummel, Materna Bulgaria , Mercedes-Benz, Miele, M\u00f6ller Plast, M\u00fcller Weingarten<\/p>\n<p class=\"grayp\"><strong>N<\/strong>ikrom<\/p>\n<p class=\"grayp\"><strong>O<\/strong>echsler, Osram, \u00d6sterreichische Bahn<\/p>\n<p class=\"grayp\"><strong>P<\/strong>lettac Umformtechnik, Polnische Bahn, Prettl Group, ProfiLink<\/p>\n<p class=\"grayp\"><strong>R<\/strong>ehm Schweisstechnik, Reinhardt Industrie\u00f6fen, Roth Gruppe, Ruhrkohle, RWE<\/p>\n<p class=\"grayp\"><strong>S<\/strong>achs, Salzgitter, Satrotec Group (CH, RO), Schott, Seeber \/ R\u00f6chling, Schulte &amp; Co., SEW Eurodrive, Siebe Automotive, Siemens (Anlagenbau, Automatisierungstechnik, Bahntechnik), Siemens Nixdorf, SKF Textilmaschinen, Steinm\u00fcller, Stern Freizeitm\u00f6bel, Stihl Bulgaria, S\u00fcwag \/ RWE, Sumitomo Electric Bordnetze<\/p>\n<p class=\"grayp\"><strong>T<\/strong>hyssenKrupp Stahl, ThyssenKrupp Technologies \/ ThyssenKrupp Drauz Nothelfer, ThyssenKrupp Krause (D, PL), TM-Inox, Treuhandanstalt, TRW Motorkomponenten<\/p>\n<p class=\"grayp\"><strong>V<\/strong>DO, Vita (Gem\u00fcseverarbeitung), Voest-Alpine (Maschinen-\/Anlagenbau, Stahl), Volkswagen<\/p>\n<p class=\"grayp\"><strong>W<\/strong>ehrle-Werk, WemoTec, Winterthur, Witzig&amp;Frank, WMF<\/p>\n<p class=\"grayp\"><strong>Y<\/strong>azaki Bordnetz-Systeme, Ymos Group<\/p>\n<p class=\"grayp\"><strong>Z<\/strong>F Hungaria, ZF Friedrichshafen, Zlaten Lev Holding, Zugspitz Bahn<\/p>\n","protected":false},"excerpt":{"rendered":"<p>Die Erf\u00fcllung h\u00f6chster Qualit\u00e4tsanforderungen\u00a0unserer Kunden ist unser stetiger Ansporn. Auszug aus unserer Referenzliste: Adtranz (D, PL, CZ), Alchemy, Alfing Kessler Sondermaschinen, Altus (erneuerbare Energien), Ascoforge, Asea Brown Boveri (Holding, Antriebstechnik), ATP Automobiltechnik, Audi Babcock Borsig, BBS, Becker Autoradio, BHS\/Voith Getriebebau, BLANCO Professional, Binz Fahrzeugbau, BMW, Bombardier, Bosch (Fahrzeugteilehandel, Verpackungsmaschinen, Holding), Brose, Bulgaria-K C.D. Peddinghaus, Chiron, [&hellip;]<\/p>\n","protected":false},"author":1,"featured_media":0,"parent":0,"menu_order":0,"comment_status":"closed","ping_status":"closed","template":"","meta":[],"_links":{"self":[{"href":"https:\/\/imacos.com\/de\/wp-json\/wp\/v2\/pages\/386"}],"collection":[{"href":"https:\/\/imacos.com\/de\/wp-json\/wp\/v2\/pages"}],"about":[{"href":"https:\/\/imacos.com\/de\/wp-json\/wp\/v2\/types\/page"}],"author":[{"embeddable":true,"href":"https:\/\/imacos.com\/de\/wp-json\/wp\/v2\/users\/1"}],"replies":[{"embeddable":true,"href":"https:\/\/imacos.com\/de\/wp-json\/wp\/v2\/comments?post=386"}],"version-history":[{"count":3,"href":"https:\/\/imacos.com\/de\/wp-json\/wp\/v2\/pages\/386\/revisions"}],"predecessor-version":[{"id":643,"href":"https:\/\/imacos.com\/de\/wp-json\/wp\/v2\/pages\/386\/revisions\/643"}],"wp:attachment":[{"href":"https:\/\/imacos.com\/de\/wp-json\/wp\/v2\/media?parent=386"}],"curies":[{"name":"wp","href":"https:\/\/api.w.org\/{rel}","templated":true}]}}