{"id":385,"date":"2020-11-02T15:04:58","date_gmt":"2020-11-02T15:04:58","guid":{"rendered":"http:\/\/addigital.imacos.com\/branchen\/"},"modified":"2021-05-16T14:59:28","modified_gmt":"2021-05-16T14:59:28","slug":"branchen","status":"publish","type":"page","link":"https:\/\/imacos.com\/de\/branchen\/","title":{"rendered":"Branchen"},"content":{"rendered":"<h2 class=\"mainpp\">IMACOS ist seit 30 Jahren Spezialist f\u00fcr die produzierende Industrie. Erfolge in weiteren Branchen konnten wir durch unsere Erfahrung mit internationalem Prozessbenchmarking erzielen, z.B. auch bei Diestleistern und Banken.<\/h2>\n<ul>\n<li class=\"grayp\">Automobilhersteller (OEM) und Hersteller f\u00fcr Spezialfahrzeuge<\/li>\n<li class=\"grayp\">Automobilzulieferer in den Produktsegmenten: Abgassysteme, Achsen, Anbauteile, Ansaugsysteme, Armaturen, Bremsen, Cabrioverdecke, Chassis, D\u00e4mpfer, Elektrik\/Elektronik, Leuchten, Felgen, Filter, Kabels\u00e4tze, Klimaanlagen, K\u00fchler, Metallbau (LkW, Krane), Motor- und Getriebeteile, Sitze, Spiegel, T\u00fcrsysteme, Verkleidungen, \u2026<\/li>\n<li class=\"grayp\">Banken, Finanzdienstleister sowie Beteiligungsgesellschaften<\/li>\n<li class=\"grayp\">Bauzulieferer, z.B. Fenster- und T\u00fcrenbau, Spezialglas, Grundstoffe<\/li>\n<li class=\"grayp\">Elektrotechnik, Elektronik und Automatisierung, Sensorik<\/li>\n<li class=\"grayp\">Energieerzeugung und Energieverteilung, erneuerbare Energien<\/li>\n<li class=\"grayp\">Handel und Distribution<\/li>\n<li class=\"grayp\">Informations- und Kommunikationstechnik, Telekommunikation, Medien, Software<\/li>\n<li class=\"grayp\">Maschinenbau und Anlagenbau Produktsegmente: Werkzeugmaschinen, Umwelt und Energietechnik, Lebensmittelindustrie, Verpackungstechnik, Textilmaschinen, Pneumatik und Hydraulik, Automatisierungstechnik, Kraftwerkstechnik, Maschinen der Umformtechnik<\/li>\n<li class=\"grayp\">Metallerzeugung und Metallverarbeitung, Stahlbau<\/li>\n<li class=\"grayp\">Verkehrstechnik (Hersteller Schienenfahrzeuge und Betreiber)<\/li>\n<\/ul>\n","protected":false},"excerpt":{"rendered":"<p>IMACOS ist seit 30 Jahren Spezialist f\u00fcr die produzierende Industrie. Erfolge in weiteren Branchen konnten wir durch unsere Erfahrung mit internationalem Prozessbenchmarking erzielen, z.B. auch bei Diestleistern und Banken. Automobilhersteller (OEM) und Hersteller f\u00fcr Spezialfahrzeuge Automobilzulieferer in den Produktsegmenten: Abgassysteme, Achsen, Anbauteile, Ansaugsysteme, Armaturen, Bremsen, Cabrioverdecke, Chassis, D\u00e4mpfer, Elektrik\/Elektronik, Leuchten, Felgen, Filter, Kabels\u00e4tze, Klimaanlagen, K\u00fchler, [&hellip;]<\/p>\n","protected":false},"author":1,"featured_media":0,"parent":0,"menu_order":0,"comment_status":"closed","ping_status":"closed","template":"","meta":[],"_links":{"self":[{"href":"https:\/\/imacos.com\/de\/wp-json\/wp\/v2\/pages\/385"}],"collection":[{"href":"https:\/\/imacos.com\/de\/wp-json\/wp\/v2\/pages"}],"about":[{"href":"https:\/\/imacos.com\/de\/wp-json\/wp\/v2\/types\/page"}],"author":[{"embeddable":true,"href":"https:\/\/imacos.com\/de\/wp-json\/wp\/v2\/users\/1"}],"replies":[{"embeddable":true,"href":"https:\/\/imacos.com\/de\/wp-json\/wp\/v2\/comments?post=385"}],"version-history":[{"count":2,"href":"https:\/\/imacos.com\/de\/wp-json\/wp\/v2\/pages\/385\/revisions"}],"predecessor-version":[{"id":653,"href":"https:\/\/imacos.com\/de\/wp-json\/wp\/v2\/pages\/385\/revisions\/653"}],"wp:attachment":[{"href":"https:\/\/imacos.com\/de\/wp-json\/wp\/v2\/media?parent=385"}],"curies":[{"name":"wp","href":"https:\/\/api.w.org\/{rel}","templated":true}]}}