{"id":384,"date":"2020-11-02T15:04:49","date_gmt":"2020-11-02T15:04:49","guid":{"rendered":"http:\/\/addigital.imacos.com\/globales-netzwerk\/"},"modified":"2021-05-16T16:34:33","modified_gmt":"2021-05-16T16:34:33","slug":"globales-netzwerk","status":"publish","type":"page","link":"https:\/\/imacos.com\/de\/globales-netzwerk\/","title":{"rendered":"Globales Netzwerk"},"content":{"rendered":"<h2 class=\"mainpp\">Unser globales Netzwerk\u00a0bietet Ihnen wirkungsvolle und kurzfristige Umsetzungs\u00adunterst\u00fctzung unter Ber\u00fccksichtigung der Anforderungen und Eigenheiten der lokalen M\u00e4rkte.<\/h2>\n<p class=\"grayp\">Durch die langj\u00e4hrige Zusammenarbeit mit den deutschen Premium-Automobilherstellern, vielen internationalen OEM\u00b4s, einer gro\u00dfen Zahl der f\u00fchrenden internationalen Tier 1 und weiteren Zuliefererebenen sowie den Verb\u00e4nden und Clustern, besteht in dieser Industrie ein sehr belastbares Netzwerk und wir sind eng vertraut mit allen Entscheidungs- und Planungsprozessen.<\/p>\n<p class=\"grayp\">2012 hat Herr Dr. Truckenm\u00fcller zusammen mit f\u00fchrenden Zulieferern in Bularien das Automotive Cluster Bulgaria (ACB) gegr\u00fcndet, mit heute \u00fcber 40 internationalen und bulgarischen Automotive-Unternehmen, die in Bulgarien mehr als 20.000 und weltweit mehr als 1.000.000 Mitarbeiter besch\u00e4ftigen. Dadurch wird das internationale Automotiv-Netzwerk stark ausgebaut. Das ACB versteht sich als Interessenvertretung der in Bulgarien t\u00e4tigen Automotive-Unternehmen und ist Teil des global t\u00e4tigen Automotive-Netzwerks (<a href=\"http:\/\/www.automotive.bg\/\" target=\"_blank\" rel=\"noopener\">www.automotive.bg<\/a>). Heute ist Herr Dr. Trukenm\u00fcller Honorary President des ACB.<\/p>\n<p class=\"grayp\">2013 wurde Herr Dr. Truckenm\u00fcller zum Honorarkonsul der Republik Bulgarien f\u00fcr Baden-W\u00fcrttemberg ernannt. Die seit vielen Jahren aufgebauten Kontakte in Industrie und Politik in Deutschland, speziell in Baden-W\u00fcrttemberg, aber auch in Bulgarien und anderen Staaten in Osteuropa werden damit nachhaltig zum Nutzen unserer Kunden gest\u00e4rkt (<a href=\"http:\/\/www.honorarkonsulat-bg.de\/\" target=\"_blank\" rel=\"noopener\">www.honorarkonsul-bulgarien.de<\/a>)<\/p>\n<p class=\"grayp\">In Sofia \/ Bulgarien haben wir bereits seit 2010 ein eigenes B\u00fcro, mit dem wir nicht nur unsere Projekte in Osteuropa mit vielen qualifizierten Experten unterst\u00fctzen, sondern wir Erbringen auch viele Dienstleistungen wie Research oder Datenauswertungen im Rahmen unserer Projekte in Deutschland und weltweit. Damit k\u00f6nnen wir einen deutlichen Kostenvorteil bieten. Um in den L\u00e4ndern in Osteuropa handlungsf\u00e4hig zu sein, haben wir unser Netzwerk auf weit \u00fcber 100 Experten aus den L\u00e4ndern Polen, Tschechien, Slowakei, Rum\u00e4nien, Ukraine, Moldavien, Bulgarien, Albanien, Slovenien, Ungarn und einige mehr ausgebaut. Durch unseren guten Kontakte in die Automobilverb\u00e4nde dieser L\u00e4nder sowie durch unsere politischen Kontakte, k\u00f6nnen wir sehr schnell und treffsicher Informationen aus allen diesen L\u00e4ndern beschaffen, k\u00f6nnen auch Standortbewertungen mit wenig Aufwand durchf\u00fchren, k\u00f6nnen Interim Manager und Experten vermitteln und verantwortlich den Aufbau auch von gro\u00dfen Produktions, Entwicklungs- oder Vertriebsstandorten vor Ort wirkungsvoll unterst\u00fctzen.<\/p>\n<p class=\"grayp\">Auch In den L\u00e4ndern Brasilien, China (und anderen asiatischen Staaten), Indien oder den USA hat IMACOS langj\u00e4hrige Kooperationspartner und kann dadurch auch gro\u00dfe und weltweit angelegte Projekte erfolgreich durchf\u00fchren.<\/p>\n<p class=\"grayp\">IMACOS kann auf mehrere hundert Interim Manager f\u00fcr die 1. und 2. F\u00fchrungsebene zur\u00fcck\u00adgreifen. Operativ erfahrene Experten mit technischem, betriebswirtschaftlichem oder vertrieblichem Hintergrund runden unser Kompetenzprofil ab.<\/p>\n<p class=\"grayp\">Wir erg\u00e4nzen unser Leistungsspektrum zus\u00e4tzlich durch Kooperationen mit Spezialisten auf den Gebieten:<\/p>\n<ul>\n<li class=\"grayp\">Nationales und internationales Recht \/ Wirtschaftspr\u00fcfung \/ Steuerberatung, z.B. mit CMS Hasche Sigle (<a href=\"http:\/\/www.cms-hs.com\/\" target=\"_blank\" rel=\"noopener\">www.cms-hs.com<\/a>) &#8211; in Deutschland, in Bulgarien und weltweit. Selbstverst\u00e4ndlich arbeiten wir auch mit nationalen Kanzleien und mit den Industrie- und Handelskammern eng zusammen.Im Bereich Insolvenz in Eigenverwaltung arbeiten wir eng mit <strong>Buchalik Br\u00f6mmekamp Rechtsanw\u00e4lte<\/strong> und deren Beratungsast Plenovia zusammen. Die Kanzlei ist Markf\u00fchrer mit mehr als 200 durchgef\u00fchrten Projekten in Eigenverwaltung.<\/li>\n<li class=\"grayp\">Mergers &amp; Acquisitions, wenn es um gr\u00f6\u00dfere internationale Transaktionen geht, z.B. mit Clairfield International (<a href=\"http:\/\/www.clairfield.com\/\" target=\"_blank\" rel=\"noopener\">www.clairfield.com<\/a>)<\/li>\n<li class=\"grayp\">Gewerbliche Schutzrechte, z.B. mit Geitz, Truckenm\u00fcller, Lucht \u2013 Patentanw\u00e4lte (<a href=\"http:\/\/www.patent-server.de\/\" target=\"_blank\" rel=\"noopener\">www.patent-server.de<\/a>)<\/li>\n<li>Digitalisierung. Ohne die Umsetzung neuester Digitalisierungsstrategien geht nichts. Hier arbeiten wir mit der marktf\u00fchrenden Gesellschaft: AWSi (August-Wilhelm Scheer Institut Digital Research (www.aws-institut.de)<\/li>\n<li>Innovation und Transformation. Wenn Transformation gefragt ist, dann immer unter Einbindung der marktf\u00fchrenden Gesellschaft &#8222;Grantiro&#8220; (www.grantiro.at)<\/li>\n<\/ul>\n","protected":false},"excerpt":{"rendered":"<p>Unser globales Netzwerk\u00a0bietet Ihnen wirkungsvolle und kurzfristige Umsetzungs\u00adunterst\u00fctzung unter Ber\u00fccksichtigung der Anforderungen und Eigenheiten der lokalen M\u00e4rkte. Durch die langj\u00e4hrige Zusammenarbeit mit den deutschen Premium-Automobilherstellern, vielen internationalen OEM\u00b4s, einer gro\u00dfen Zahl der f\u00fchrenden internationalen Tier 1 und weiteren Zuliefererebenen sowie den Verb\u00e4nden und Clustern, besteht in dieser Industrie ein sehr belastbares Netzwerk und wir sind [&hellip;]<\/p>\n","protected":false},"author":1,"featured_media":0,"parent":0,"menu_order":0,"comment_status":"closed","ping_status":"closed","template":"","meta":[],"_links":{"self":[{"href":"https:\/\/imacos.com\/de\/wp-json\/wp\/v2\/pages\/384"}],"collection":[{"href":"https:\/\/imacos.com\/de\/wp-json\/wp\/v2\/pages"}],"about":[{"href":"https:\/\/imacos.com\/de\/wp-json\/wp\/v2\/types\/page"}],"author":[{"embeddable":true,"href":"https:\/\/imacos.com\/de\/wp-json\/wp\/v2\/users\/1"}],"replies":[{"embeddable":true,"href":"https:\/\/imacos.com\/de\/wp-json\/wp\/v2\/comments?post=384"}],"version-history":[{"count":5,"href":"https:\/\/imacos.com\/de\/wp-json\/wp\/v2\/pages\/384\/revisions"}],"predecessor-version":[{"id":678,"href":"https:\/\/imacos.com\/de\/wp-json\/wp\/v2\/pages\/384\/revisions\/678"}],"wp:attachment":[{"href":"https:\/\/imacos.com\/de\/wp-json\/wp\/v2\/media?parent=384"}],"curies":[{"name":"wp","href":"https:\/\/api.w.org\/{rel}","templated":true}]}}