{"id":383,"date":"2020-12-14T13:27:57","date_gmt":"2020-12-14T13:27:57","guid":{"rendered":"http:\/\/addigital.imacos.com\/warum-imacos\/"},"modified":"2020-12-14T13:27:57","modified_gmt":"2020-12-14T13:27:57","slug":"warum-imacos","status":"publish","type":"page","link":"https:\/\/imacos.com\/de\/warum-imacos\/","title":{"rendered":"Warum IMACOS?"},"content":{"rendered":"<h2 class=\"mainpp\">Unser Gesch\u00e4ftsansatz ist an den Werten sowie am Erfolg unserer Kunden ausgerichtet. Der Return unserer Aufwendungen liegt meist unter 6 Monaten.<\/h2>\n<p class=\"grayp\">Die Erfahrung aus mehr als 350 Projekten und 100 Unternehmenstransaktionen bietet Sicherheit.<\/p>\n<p class=\"grayp\">Sie wollen kurzfristig und nachhaltig Ver\u00e4nderungen in Ihrem Unternehmen erreichen? Zusammen mit Ihrer Mannschaft und entsprechend den Anforderungen des Marktes, der Gesellschafter, der Kunden und Lieferanten, der Kreditgeber und nat\u00fcrlich der Mitarbeiter?<\/p>\n<p class=\"grayp\">Sie wollen Unterst\u00fctzung durch Interim Manager als Senior Executive Manager (CRO, CEO)? Sie suchen nach erfahrenen Managern als Werkleiter, Vertriebsleiter, Leiter Finanzen, Leiter Einkauf oder auch als Projektleiter f\u00fcr Sonderprojekte wie den Aufbau in- und ausl\u00e4ndischer Standorte, die Verst\u00e4rkung bei Neuanl\u00e4ufen, Prozessoptimierungen, Neuausrichtung des Vertriebs?<\/p>\n<p class=\"grayp\">IMACOS l\u00e4sst sich messen. Der Return unserer Aufwendungen liegt im Durchschnitt unter 6 Monaten. Gerne arbeiten wir auf der Basis eines erfolgsverg\u00fcteten Honorarmodells. Wir stehen f\u00fcr substantielle Umsatzsteigerung und Kostensenkung<\/p>\n<p class=\"grayp\">Durch Integration von F\u00fchrungserfahrung, intimer Branchenkenntnisse und neuestem, aber praxiserprobtem Methodenwissen, erreichen wir hohe Umsetzungserfolge.<\/p>\n<p class=\"grayp\">Wir konzentrieren uns auf die produzierende Industrie. In den Branchen Automotive und Maschinenbau sind wir seit 30 Jahren aktiv und haben ein sehr belastbares Netzwerk.<\/p>\n<p class=\"grayp\">In Osteuropa unterst\u00fctzen wir seit mehr als 20 Jahren den Aufbau von Produktionsst\u00e4tten, Entwicklungszentren, Vertriebsstandorten und Shared Service Einheiten.<\/p>\n","protected":false},"excerpt":{"rendered":"<p>Unser Gesch\u00e4ftsansatz ist an den Werten sowie am Erfolg unserer Kunden ausgerichtet. Der Return unserer Aufwendungen liegt meist unter 6 Monaten. Die Erfahrung aus mehr als 350 Projekten und 100 Unternehmenstransaktionen bietet Sicherheit. Sie wollen kurzfristig und nachhaltig Ver\u00e4nderungen in Ihrem Unternehmen erreichen? Zusammen mit Ihrer Mannschaft und entsprechend den Anforderungen des Marktes, der Gesellschafter, [&hellip;]<\/p>\n","protected":false},"author":1,"featured_media":0,"parent":0,"menu_order":0,"comment_status":"closed","ping_status":"closed","template":"","meta":[],"_links":{"self":[{"href":"https:\/\/imacos.com\/de\/wp-json\/wp\/v2\/pages\/383"}],"collection":[{"href":"https:\/\/imacos.com\/de\/wp-json\/wp\/v2\/pages"}],"about":[{"href":"https:\/\/imacos.com\/de\/wp-json\/wp\/v2\/types\/page"}],"author":[{"embeddable":true,"href":"https:\/\/imacos.com\/de\/wp-json\/wp\/v2\/users\/1"}],"replies":[{"embeddable":true,"href":"https:\/\/imacos.com\/de\/wp-json\/wp\/v2\/comments?post=383"}],"version-history":[{"count":0,"href":"https:\/\/imacos.com\/de\/wp-json\/wp\/v2\/pages\/383\/revisions"}],"wp:attachment":[{"href":"https:\/\/imacos.com\/de\/wp-json\/wp\/v2\/media?parent=383"}],"curies":[{"name":"wp","href":"https:\/\/api.w.org\/{rel}","templated":true}]}}