{"id":382,"date":"2020-11-02T15:07:39","date_gmt":"2020-11-02T15:07:39","guid":{"rendered":"http:\/\/addigital.imacos.com\/historie\/"},"modified":"2021-05-16T16:46:58","modified_gmt":"2021-05-16T16:46:58","slug":"historie","status":"publish","type":"page","link":"https:\/\/imacos.com\/de\/historie\/","title":{"rendered":"Historie"},"content":{"rendered":"<h2 class=\"mainpp\">IMACOS konnte 2018 sein 20-j\u00e4hriges Bestehen feiern.<\/p>\n<p>Instant Trip to Competence.<\/p>\n<p>In Bulgarien sind wir mit einem eigenen B\u00fcro seit mehr als 10 Jahren f\u00fcr Osteuropa, aber auch f\u00fcr Shared Services f\u00fcr unsere Projekte in Deutschland pr\u00e4sent.<\/h2>\n<p class=\"grayp\">1998 wurde IMACOS von 3 erfahrenen Industriemanagern durch die Initiative von Dr. Till W. Truckenm\u00fcller gegr\u00fcndet.<\/p>\n<p class=\"grayp\">Die Idee war, in enger Zusammenarbeit mit den Kundenteams nicht nur strategische L\u00f6sungen und Optimierungskonzepte zu erarbeiten, sondern diese L\u00f6sungen auch direkt umzusetzen. Erreicht wurde damit eine deutliche Mehrleistung im Vergleich zu klassischen Beratern. das hat sich bis heute nicht ge\u00e4ndert. Wollen Sie Strategien auch umsetzen: dann IMACOS.<\/p>\n<p class=\"grayp\">Dieser Gesch\u00e4ftsansatz hat zu einem raschen Wachstum von IMACOS gef\u00fchrt und ist bis heute Basis f\u00fcr unsere Arbeit, hohe Umsetzungserfolge, zufriedene Kunden sowie motivierte, leistungsstarke und qualifizierte Mitarbeiter.<\/p>\n<p class=\"grayp\">2007 wurde die Firmengruppe neu strukturiert. Die Gesellschaft firmiert heute unter Truckenm\u00fcller &amp; Company GmbH , Gesellschaft f\u00fcr finanzstrategische Unternehmerberatung und Interim Management.<\/p>\n<p class=\"grayp\">Die Gruppe konzentriert sich heute auf:<\/p>\n<ul>\n<li class=\"grayp\"><strong>Die ganzheitliche Restrukturierung und Neuausrichtung von produzierenden Unternehmen.<\/strong> Branchenschwerpunkte sind selbstst\u00e4ndige oder konzerngebundene Automobilzulieferer und Maschinenbauunternehmen mit einem Umsatz des Einzelunternehmens zwischen 50 Mio.\u20ac und bis zu 5 Mrd.\u20ac. Diese Projekte werden heute \u00fcberwiegend unter <strong>Insolvenzschutz in Eigenverwaltung oder Schutzschirm<\/strong> durchgef\u00fchrt. Warum: lesen Sie dazu mehr im Kapitel: Sanierung unter Insolvenzschutz.<\/li>\n<li class=\"grayp\">Den <strong>Einsatz von Interim Managern auf der ersten und zweiten F\u00fchrungsebene<\/strong>; m\u00f6glichst mit direkter F\u00fchrungsverantwortung<\/li>\n<li class=\"grayp\">Die Umsetzung von marktausgerichteten Unternehmensstrategien sowie <strong>Programmen zur nachhaltigen Wachstums- und Ertragssteigerung<\/strong><\/li>\n<\/ul>\n<p class=\"grayp\">Nach 20 Jahren Erfahrung im Aufbau von Gesellschaften in den meisten L\u00e4ndern Osteuropas, wurde 2010 die Gesellschaft Truckenm\u00fcller &amp; Company Bulgaria EOOD in Sofia gegr\u00fcndet &#8211; heute firmiert die Gesellschaft unter IMACOS EOOD. Damit sind wir einer der Pionieranbieter im Osten.<\/p>\n","protected":false},"excerpt":{"rendered":"<p>IMACOS konnte 2018 sein 20-j\u00e4hriges Bestehen feiern. Instant Trip to Competence. In Bulgarien sind wir mit einem eigenen B\u00fcro seit mehr als 10 Jahren f\u00fcr Osteuropa, aber auch f\u00fcr Shared Services f\u00fcr unsere Projekte in Deutschland pr\u00e4sent. 1998 wurde IMACOS von 3 erfahrenen Industriemanagern durch die Initiative von Dr. Till W. Truckenm\u00fcller gegr\u00fcndet. Die Idee [&hellip;]<\/p>\n","protected":false},"author":1,"featured_media":0,"parent":0,"menu_order":0,"comment_status":"closed","ping_status":"closed","template":"","meta":[],"_links":{"self":[{"href":"https:\/\/imacos.com\/de\/wp-json\/wp\/v2\/pages\/382"}],"collection":[{"href":"https:\/\/imacos.com\/de\/wp-json\/wp\/v2\/pages"}],"about":[{"href":"https:\/\/imacos.com\/de\/wp-json\/wp\/v2\/types\/page"}],"author":[{"embeddable":true,"href":"https:\/\/imacos.com\/de\/wp-json\/wp\/v2\/users\/1"}],"replies":[{"embeddable":true,"href":"https:\/\/imacos.com\/de\/wp-json\/wp\/v2\/comments?post=382"}],"version-history":[{"count":3,"href":"https:\/\/imacos.com\/de\/wp-json\/wp\/v2\/pages\/382\/revisions"}],"predecessor-version":[{"id":680,"href":"https:\/\/imacos.com\/de\/wp-json\/wp\/v2\/pages\/382\/revisions\/680"}],"wp:attachment":[{"href":"https:\/\/imacos.com\/de\/wp-json\/wp\/v2\/media?parent=382"}],"curies":[{"name":"wp","href":"https:\/\/api.w.org\/{rel}","templated":true}]}}